{"id":993,"date":"2023-08-31T16:50:40","date_gmt":"2023-08-31T19:50:40","guid":{"rendered":"https:\/\/exactas.unsj.edu.ar\/raaa2023\/?page_id=993"},"modified":"2023-08-31T16:50:47","modified_gmt":"2023-08-31T19:50:47","slug":"viaje","status":"publish","type":"page","link":"https:\/\/exactas.unsj.edu.ar\/raaa2023\/viaje\/","title":{"rendered":"viaje"},"content":{"rendered":"<p>[et_pb_section fb_built=&#8221;1&#8243; _builder_version=&#8221;4.22.1&#8243; _module_preset=&#8221;default&#8221; global_colors_info=&#8221;{}&#8221;][et_pb_row _builder_version=&#8221;4.22.1&#8243; _module_preset=&#8221;default&#8221; global_colors_info=&#8221;{}&#8221;][et_pb_column type=&#8221;4_4&#8243; _builder_version=&#8221;4.22.1&#8243; _module_preset=&#8221;default&#8221; global_colors_info=&#8221;{}&#8221;][et_pb_text _builder_version=&#8221;4.22.1&#8243; _module_preset=&#8221;default&#8221; hover_enabled=&#8221;0&#8243; global_colors_info=&#8221;{}&#8221; sticky_enabled=&#8221;0&#8243;]<\/p>\n<h1><span style=\"color: #ff6600;\">VIAJE A LOS OBSERVATORIOS<\/span><\/h1>\n<h3>Para participar complete el <span style=\"color: #000080;\"><strong><a style=\"color: #000080;\" href=\"https:\/\/docs.google.com\/forms\/d\/1-mnf2fBUZvqsMF-huzjlo6VlD2vQzUN9C3BIaG5rSf4\" target=\"_blank\" rel=\"noopener\">formulario<\/a><\/strong><\/span>.<\/p>\n<p>D\u00eda: S\u00e1bado 23 de Septiembre<br \/>Salida: 7:00 hs desde el Auditorio Eloy Camus<br \/>Regreso: 22hs (aprox.) arribando al Auditorio Eloy Camus<\/h3>\n<h3>Costo: $10.000 por persona (hasta el martes 19 de Septiembre)<br \/>Incluye transporte de ida y regreso (hasta el Auditorio), seguros, y vianda para el Almuerzo: Sandwich de milanesa especial, agua saborizada y fruta.<\/h3>\n<h3>Nota: Para inscribirse deber\u00e1 abonar el costo del viaje y adjuntar el comprobante de pago correspondiente. No se admiten pagos desde el exterior del pa\u00eds. Si a\u00fan hay cupo, y desea pagar en efectivo, por favor comunicarlo a los organizadores en el momento de la acreditaci\u00f3n hasta el martes 19 de Septiembre inclusive.<\/h3>\n<h3>El pago de la opci\u00f3n puede hacerse por Transferencia Bancaria o Mercado Pago a la siguiente caja de ahorro:<\/h3>\n<ul>\n<li>\n<h3><span style=\"color: #003366;\">Nombre del titular: Ana Maria Pacheco<\/span><\/h3>\n<\/li>\n<li>\n<h3><span style=\"color: #003366;\">Cuil: 27171202553<\/span><\/h3>\n<\/li>\n<li>\n<h3><span style=\"color: #003366;\">N\u00b0 de cuenta: CA $ 32004740512153<\/span><\/h3>\n<\/li>\n<li>\n<h3><span style=\"color: #003366;\">Alias: ESPIGA.SOGA.SUELO<\/span><\/h3>\n<\/li>\n<li>\n<h3><span style=\"color: #003366;\">CBU: 0110474930047405121533<\/span><\/h3>\n<\/li>\n<\/ul>\n<p>[\/et_pb_text][\/et_pb_column][\/et_pb_row][\/et_pb_section]<\/p>\n","protected":false},"excerpt":{"rendered":"<p>VIAJE A LOS OBSERVATORIOS Para participar complete el formulario. D\u00eda: S\u00e1bado 23 de SeptiembreSalida: 7:00 hs desde el Auditorio Eloy CamusRegreso: 22hs (aprox.) arribando al Auditorio Eloy Camus Costo: $10.000 por persona (hasta el martes 19 de Septiembre)Incluye transporte de ida y regreso (hasta el Auditorio), seguros, y vianda para el Almuerzo: Sandwich de milanesa [&hellip;]<\/p>\n","protected":false},"author":2,"featured_media":0,"parent":0,"menu_order":0,"comment_status":"closed","ping_status":"closed","template":"","meta":{"nf_dc_page":"","_et_pb_use_builder":"on","_et_pb_old_content":"","_et_gb_content_width":"","_monsterinsights_skip_tracking":false,"_monsterinsights_sitenote_active":false,"_monsterinsights_sitenote_note":"","_monsterinsights_sitenote_category":0,"footnotes":""},"class_list":["post-993","page","type-page","status-publish","hentry"],"yoast_head":"<!-- This site is optimized with the Yoast SEO plugin v27.4 - https:\/\/yoast.com\/product\/yoast-seo-wordpress\/ -->\n<title>viaje - 65a Reuni\u00f3n Anual de la Asociaci\u00f3n Argentina de Astronom\u00eda<\/title>\n<meta name=\"robots\" content=\"index, follow, max-snippet:-1, max-image-preview:large, max-video-preview:-1\" \/>\n<link rel=\"canonical\" href=\"https:\/\/exactas.unsj.edu.ar\/raaa2023\/viaje\/\" \/>\n<meta property=\"og:locale\" content=\"es_ES\" \/>\n<meta property=\"og:type\" content=\"article\" \/>\n<meta property=\"og:title\" content=\"viaje - 65a Reuni\u00f3n Anual de la Asociaci\u00f3n Argentina de Astronom\u00eda\" \/>\n<meta property=\"og:description\" content=\"VIAJE A LOS OBSERVATORIOS Para participar complete el formulario. D\u00eda: S\u00e1bado 23 de SeptiembreSalida: 7:00 hs desde el Auditorio Eloy CamusRegreso: 22hs (aprox.) arribando al Auditorio Eloy Camus Costo: $10.000 por persona (hasta el martes 19 de Septiembre)Incluye transporte de ida y regreso (hasta el Auditorio), seguros, y vianda para el Almuerzo: Sandwich de milanesa [&hellip;]\" \/>\n<meta property=\"og:url\" content=\"https:\/\/exactas.unsj.edu.ar\/raaa2023\/viaje\/\" \/>\n<meta property=\"og:site_name\" content=\"65a Reuni\u00f3n Anual de la Asociaci\u00f3n Argentina de Astronom\u00eda\" \/>\n<meta property=\"article:modified_time\" content=\"2023-08-31T19:50:47+00:00\" \/>\n<meta name=\"twitter:card\" content=\"summary_large_image\" \/>\n<meta name=\"twitter:label1\" content=\"Tiempo de lectura\" \/>\n\t<meta name=\"twitter:data1\" content=\"1 minuto\" \/>\n<script type=\"application\/ld+json\" class=\"yoast-schema-graph\">{\"@context\":\"https:\\\/\\\/schema.org\",\"@graph\":[{\"@type\":\"WebPage\",\"@id\":\"https:\\\/\\\/exactas.unsj.edu.ar\\\/raaa2023\\\/viaje\\\/\",\"url\":\"https:\\\/\\\/exactas.unsj.edu.ar\\\/raaa2023\\\/viaje\\\/\",\"name\":\"viaje - 65a Reuni\u00f3n Anual de la Asociaci\u00f3n Argentina de Astronom\u00eda\",\"isPartOf\":{\"@id\":\"https:\\\/\\\/exactas.unsj.edu.ar\\\/raaa2023\\\/#website\"},\"datePublished\":\"2023-08-31T19:50:40+00:00\",\"dateModified\":\"2023-08-31T19:50:47+00:00\",\"breadcrumb\":{\"@id\":\"https:\\\/\\\/exactas.unsj.edu.ar\\\/raaa2023\\\/viaje\\\/#breadcrumb\"},\"inLanguage\":\"es-AR\",\"potentialAction\":[{\"@type\":\"ReadAction\",\"target\":[\"https:\\\/\\\/exactas.unsj.edu.ar\\\/raaa2023\\\/viaje\\\/\"]}]},{\"@type\":\"BreadcrumbList\",\"@id\":\"https:\\\/\\\/exactas.unsj.edu.ar\\\/raaa2023\\\/viaje\\\/#breadcrumb\",\"itemListElement\":[{\"@type\":\"ListItem\",\"position\":1,\"name\":\"Home\",\"item\":\"https:\\\/\\\/exactas.unsj.edu.ar\\\/raaa2023\\\/\"},{\"@type\":\"ListItem\",\"position\":2,\"name\":\"viaje\"}]},{\"@type\":\"WebSite\",\"@id\":\"https:\\\/\\\/exactas.unsj.edu.ar\\\/raaa2023\\\/#website\",\"url\":\"https:\\\/\\\/exactas.unsj.edu.ar\\\/raaa2023\\\/\",\"name\":\"65a Reuni\u00f3n Anual de la Asociaci\u00f3n Argentina de Astronom\u00eda\",\"description\":\"San Juan 2023\",\"potentialAction\":[{\"@type\":\"SearchAction\",\"target\":{\"@type\":\"EntryPoint\",\"urlTemplate\":\"https:\\\/\\\/exactas.unsj.edu.ar\\\/raaa2023\\\/?s={search_term_string}\"},\"query-input\":{\"@type\":\"PropertyValueSpecification\",\"valueRequired\":true,\"valueName\":\"search_term_string\"}}],\"inLanguage\":\"es-AR\"}]}<\/script>\n<!-- \/ Yoast SEO plugin. -->","yoast_head_json":{"title":"viaje - 65a Reuni\u00f3n Anual de la Asociaci\u00f3n Argentina de Astronom\u00eda","robots":{"index":"index","follow":"follow","max-snippet":"max-snippet:-1","max-image-preview":"max-image-preview:large","max-video-preview":"max-video-preview:-1"},"canonical":"https:\/\/exactas.unsj.edu.ar\/raaa2023\/viaje\/","og_locale":"es_ES","og_type":"article","og_title":"viaje - 65a Reuni\u00f3n Anual de la Asociaci\u00f3n Argentina de Astronom\u00eda","og_description":"VIAJE A LOS OBSERVATORIOS Para participar complete el formulario. D\u00eda: S\u00e1bado 23 de SeptiembreSalida: 7:00 hs desde el Auditorio Eloy CamusRegreso: 22hs (aprox.) arribando al Auditorio Eloy Camus Costo: $10.000 por persona (hasta el martes 19 de Septiembre)Incluye transporte de ida y regreso (hasta el Auditorio), seguros, y vianda para el Almuerzo: Sandwich de milanesa [&hellip;]","og_url":"https:\/\/exactas.unsj.edu.ar\/raaa2023\/viaje\/","og_site_name":"65a Reuni\u00f3n Anual de la Asociaci\u00f3n Argentina de Astronom\u00eda","article_modified_time":"2023-08-31T19:50:47+00:00","twitter_card":"summary_large_image","twitter_misc":{"Tiempo de lectura":"1 minuto"},"schema":{"@context":"https:\/\/schema.org","@graph":[{"@type":"WebPage","@id":"https:\/\/exactas.unsj.edu.ar\/raaa2023\/viaje\/","url":"https:\/\/exactas.unsj.edu.ar\/raaa2023\/viaje\/","name":"viaje - 65a Reuni\u00f3n Anual de la Asociaci\u00f3n Argentina de Astronom\u00eda","isPartOf":{"@id":"https:\/\/exactas.unsj.edu.ar\/raaa2023\/#website"},"datePublished":"2023-08-31T19:50:40+00:00","dateModified":"2023-08-31T19:50:47+00:00","breadcrumb":{"@id":"https:\/\/exactas.unsj.edu.ar\/raaa2023\/viaje\/#breadcrumb"},"inLanguage":"es-AR","potentialAction":[{"@type":"ReadAction","target":["https:\/\/exactas.unsj.edu.ar\/raaa2023\/viaje\/"]}]},{"@type":"BreadcrumbList","@id":"https:\/\/exactas.unsj.edu.ar\/raaa2023\/viaje\/#breadcrumb","itemListElement":[{"@type":"ListItem","position":1,"name":"Home","item":"https:\/\/exactas.unsj.edu.ar\/raaa2023\/"},{"@type":"ListItem","position":2,"name":"viaje"}]},{"@type":"WebSite","@id":"https:\/\/exactas.unsj.edu.ar\/raaa2023\/#website","url":"https:\/\/exactas.unsj.edu.ar\/raaa2023\/","name":"65a Reuni\u00f3n Anual de la Asociaci\u00f3n Argentina de Astronom\u00eda","description":"San Juan 2023","potentialAction":[{"@type":"SearchAction","target":{"@type":"EntryPoint","urlTemplate":"https:\/\/exactas.unsj.edu.ar\/raaa2023\/?s={search_term_string}"},"query-input":{"@type":"PropertyValueSpecification","valueRequired":true,"valueName":"search_term_string"}}],"inLanguage":"es-AR"}]}},"jetpack_sharing_enabled":true,"_links":{"self":[{"href":"https:\/\/exactas.unsj.edu.ar\/raaa2023\/wp-json\/wp\/v2\/pages\/993","targetHints":{"allow":["GET"]}}],"collection":[{"href":"https:\/\/exactas.unsj.edu.ar\/raaa2023\/wp-json\/wp\/v2\/pages"}],"about":[{"href":"https:\/\/exactas.unsj.edu.ar\/raaa2023\/wp-json\/wp\/v2\/types\/page"}],"author":[{"embeddable":true,"href":"https:\/\/exactas.unsj.edu.ar\/raaa2023\/wp-json\/wp\/v2\/users\/2"}],"replies":[{"embeddable":true,"href":"https:\/\/exactas.unsj.edu.ar\/raaa2023\/wp-json\/wp\/v2\/comments?post=993"}],"version-history":[{"count":3,"href":"https:\/\/exactas.unsj.edu.ar\/raaa2023\/wp-json\/wp\/v2\/pages\/993\/revisions"}],"predecessor-version":[{"id":1001,"href":"https:\/\/exactas.unsj.edu.ar\/raaa2023\/wp-json\/wp\/v2\/pages\/993\/revisions\/1001"}],"wp:attachment":[{"href":"https:\/\/exactas.unsj.edu.ar\/raaa2023\/wp-json\/wp\/v2\/media?parent=993"}],"curies":[{"name":"wp","href":"https:\/\/api.w.org\/{rel}","templated":true}]}}