{"id":988,"date":"2023-08-31T16:36:12","date_gmt":"2023-08-31T19:36:12","guid":{"rendered":"https:\/\/exactas.unsj.edu.ar\/raaa2023\/?page_id=988"},"modified":"2023-08-31T16:45:01","modified_gmt":"2023-08-31T19:45:01","slug":"cena","status":"publish","type":"page","link":"https:\/\/exactas.unsj.edu.ar\/raaa2023\/cena\/","title":{"rendered":"cena"},"content":{"rendered":"<p>[et_pb_section fb_built=&#8221;1&#8243; _builder_version=&#8221;4.22.1&#8243; _module_preset=&#8221;default&#8221; global_colors_info=&#8221;{}&#8221;][et_pb_row _builder_version=&#8221;4.22.1&#8243; _module_preset=&#8221;default&#8221; global_colors_info=&#8221;{}&#8221;][et_pb_column type=&#8221;4_4&#8243; _builder_version=&#8221;4.22.1&#8243; _module_preset=&#8221;default&#8221; global_colors_info=&#8221;{}&#8221;][et_pb_text _builder_version=&#8221;4.22.1&#8243; _module_preset=&#8221;default&#8221; hover_enabled=&#8221;0&#8243; global_colors_info=&#8221;{}&#8221; sticky_enabled=&#8221;0&#8243;]<\/p>\n<h1><span style=\"color: #ff6600;\"><strong>CENA DE CAMARADER\u00cdA<\/strong><\/span><\/h1>\n<h4>Puede inscribirse completando el siguiente <span style=\"color: #000080;\"><a style=\"color: #000080;\" href=\"https:\/\/docs.google.com\/forms\/d\/1-FtN8Hj6qfxjPCRb5Ymbc9QCAN7DzU1_W0GRTmsIZPs\" target=\"_blank\" rel=\"noopener\">formulario<\/a><\/span>.<\/h4>\n<h3><strong>Informaci\u00f3n sobre la cena<\/strong>:<\/h3>\n<ul>\n<li>\n<h3>D\u00eda: Mi\u00e9rcoles 20 de Septiembre.<\/h3>\n<\/li>\n<li>\n<h3>Hora: 19:30 a 00:00hs.<\/h3>\n<\/li>\n<li>\n<h3>Lugar: COMPLEJO N\u00c1UTICO ULL\u00daM de la Universidad Nacional de San Juan.<\/h3>\n<\/li>\n<\/ul>\n<h3>MEN\u00da:<\/h3>\n<ul>\n<li style=\"list-style-type: none;\">\n<ul>\n<li>\n<h3>RECEPCI\u00d3N: Se ofrece un servicio abundante Bandejeado por los mozos.-<\/h3>\n<h3>* Bocaditos Fr\u00edos: Pinchos Capresse de Mozarela Cherry Albahaca y Oliva + Brunchetas de Tomates Secos y Jam\u00f3n Crudo + Rols de At\u00fan y Morr\u00f3n + Princesitas de jam\u00f3n y az\u00facar negra + mini tarteletas con crema de ave.-<\/h3>\n<h3>* Bocaditos Calientes: Cazuelitas de: Bondiolita a la Cerveza Negra con Barbacoa, Pollito al Curry. Empanadas de Campo, Morcilla, Pollo y Jam\u00f3n y Queso. Pinchos Combinados de carnes y vegetales.-<\/h3>\n<\/li>\n<\/ul>\n<\/li>\n<li>\n<h3>PRINCIPAL: Punta de Espalda de Ternera a las Llamas con vegetales asados al oliva + salsa criolla + grisin de morr\u00f3n asado al rescoldo.-<\/h3>\n<\/li>\n<li>\n<h3>Postre: Copa Helada Especial.-<\/h3>\n<\/li>\n<li>\n<h3>Bebidas Canilla Libre: Vino tinto y blanco Callia + agua mineral con gas y sin gas + jugo de naranja natural + gaseosas l\u00ednea coca cola + Cerveza en Latas + Fernet Branca + Gancia + Campari + Pulpas de Frutas.<\/h3>\n<\/li>\n<\/ul>\n<h3>\u00a0<\/h3>\n<h3><strong>Valor de la Opci\u00f3n<\/strong>: $8.000 por persona hasta el 15 de Septiembre.<br \/>$10.000 desde el 15 hasta el 18 de Septiembre.<\/h3>\n<h4 style=\"padding-left: 40px;\"><span style=\"color: #003366;\">El pago de la opci\u00f3n puede hacerse por Transferencia Bancaria o Mercado Pago a la siguiente cuenta de Mercado Pago:<\/span><\/h4>\n<ul>\n<li style=\"list-style-type: none;\">\n<ul>\n<li style=\"list-style-type: none;\">\n<ul>\n<li>\n<h4><span style=\"color: #003366;\">Nombre del Titular: Georgina Vanesa Coldwell Lloveras<\/span><\/h4>\n<\/li>\n<li>\n<h4><span style=\"color: #003366;\">CVU: 0000003100095149288358<\/span><\/h4>\n<\/li>\n<li>\n<h4><span style=\"color: #003366;\">Alias: georgina.coldwell<\/span><\/h4>\n<\/li>\n<li>\n<h4><span style=\"color: #003366;\">CUIT\/CUIL: 27241378603<\/span><\/h4>\n<\/li>\n<\/ul>\n<\/li>\n<\/ul>\n<\/li>\n<\/ul>\n<h3><strong>Nota<\/strong>: Para inscribirse deber\u00e1 abonar la opci\u00f3n de la cena y adjuntar el\u00a0 comprobante de pago correspondiente. No se admiten pagos desde el exterior del pa\u00eds. El d\u00eda lunes 18 de<br \/>Septiembre es el \u00faltimo d\u00eda para la compra de la opci\u00f3n. Si a\u00fan hay cupo, y ese d\u00eda desea pagar en efectivo, por favor comunicarlo a los organizadores en el momento de la acreditaci\u00f3n.<\/h3>\n<h4><span style=\"color: #ff0000;\">Tenga en cuenta que el Complejo N\u00e1utico Ullum se encuentra ubicado a 25 Km. de la<\/span><br \/><span style=\"color: #ff0000;\">Ciudad de San Juan. Por favor Indique en el formulario si dispone de veh\u00edculo o necesitar\u00eda traslado hasta el lugar. El transporte saldr\u00e1 desde el Auditorio Eloy Camus a las 19:00hs y regresar\u00e1 al mismo lugar a las 00hs aproximadamente.<\/span><\/h4>\n<p>[\/et_pb_text][\/et_pb_column][\/et_pb_row][\/et_pb_section]<\/p>\n","protected":false},"excerpt":{"rendered":"<p>CENA DE CAMARADER\u00cdA Puede inscribirse completando el siguiente formulario. Informaci\u00f3n sobre la cena: D\u00eda: Mi\u00e9rcoles 20 de Septiembre. Hora: 19:30 a 00:00hs. Lugar: COMPLEJO N\u00c1UTICO ULL\u00daM de la Universidad Nacional de San Juan. MEN\u00da: RECEPCI\u00d3N: Se ofrece un servicio abundante Bandejeado por los mozos.- * Bocaditos Fr\u00edos: Pinchos Capresse de Mozarela Cherry Albahaca y Oliva [&hellip;]<\/p>\n","protected":false},"author":2,"featured_media":0,"parent":0,"menu_order":0,"comment_status":"closed","ping_status":"closed","template":"","meta":{"nf_dc_page":"","_et_pb_use_builder":"on","_et_pb_old_content":"","_et_gb_content_width":"","_monsterinsights_skip_tracking":false,"_monsterinsights_sitenote_active":false,"_monsterinsights_sitenote_note":"","_monsterinsights_sitenote_category":0,"footnotes":""},"class_list":["post-988","page","type-page","status-publish","hentry"],"yoast_head":"<!-- This site is optimized with the Yoast SEO plugin v27.4 - https:\/\/yoast.com\/product\/yoast-seo-wordpress\/ -->\n<title>cena - 65a Reuni\u00f3n Anual de la Asociaci\u00f3n Argentina de Astronom\u00eda<\/title>\n<meta name=\"robots\" content=\"index, follow, max-snippet:-1, max-image-preview:large, max-video-preview:-1\" \/>\n<link rel=\"canonical\" href=\"https:\/\/exactas.unsj.edu.ar\/raaa2023\/cena\/\" \/>\n<meta property=\"og:locale\" content=\"es_ES\" \/>\n<meta property=\"og:type\" content=\"article\" \/>\n<meta property=\"og:title\" content=\"cena - 65a Reuni\u00f3n Anual de la Asociaci\u00f3n Argentina de Astronom\u00eda\" \/>\n<meta property=\"og:description\" content=\"CENA DE CAMARADER\u00cdA Puede inscribirse completando el siguiente formulario. Informaci\u00f3n sobre la cena: D\u00eda: Mi\u00e9rcoles 20 de Septiembre. Hora: 19:30 a 00:00hs. Lugar: COMPLEJO N\u00c1UTICO ULL\u00daM de la Universidad Nacional de San Juan. MEN\u00da: RECEPCI\u00d3N: Se ofrece un servicio abundante Bandejeado por los mozos.- * Bocaditos Fr\u00edos: Pinchos Capresse de Mozarela Cherry Albahaca y Oliva [&hellip;]\" \/>\n<meta property=\"og:url\" content=\"https:\/\/exactas.unsj.edu.ar\/raaa2023\/cena\/\" \/>\n<meta property=\"og:site_name\" content=\"65a Reuni\u00f3n Anual de la Asociaci\u00f3n Argentina de Astronom\u00eda\" \/>\n<meta property=\"article:modified_time\" content=\"2023-08-31T19:45:01+00:00\" \/>\n<meta name=\"twitter:card\" content=\"summary_large_image\" \/>\n<meta name=\"twitter:label1\" content=\"Tiempo de lectura\" \/>\n\t<meta name=\"twitter:data1\" content=\"2 minutos\" \/>\n<script type=\"application\/ld+json\" class=\"yoast-schema-graph\">{\"@context\":\"https:\\\/\\\/schema.org\",\"@graph\":[{\"@type\":\"WebPage\",\"@id\":\"https:\\\/\\\/exactas.unsj.edu.ar\\\/raaa2023\\\/cena\\\/\",\"url\":\"https:\\\/\\\/exactas.unsj.edu.ar\\\/raaa2023\\\/cena\\\/\",\"name\":\"cena - 65a Reuni\u00f3n Anual de la Asociaci\u00f3n Argentina de Astronom\u00eda\",\"isPartOf\":{\"@id\":\"https:\\\/\\\/exactas.unsj.edu.ar\\\/raaa2023\\\/#website\"},\"datePublished\":\"2023-08-31T19:36:12+00:00\",\"dateModified\":\"2023-08-31T19:45:01+00:00\",\"breadcrumb\":{\"@id\":\"https:\\\/\\\/exactas.unsj.edu.ar\\\/raaa2023\\\/cena\\\/#breadcrumb\"},\"inLanguage\":\"es-AR\",\"potentialAction\":[{\"@type\":\"ReadAction\",\"target\":[\"https:\\\/\\\/exactas.unsj.edu.ar\\\/raaa2023\\\/cena\\\/\"]}]},{\"@type\":\"BreadcrumbList\",\"@id\":\"https:\\\/\\\/exactas.unsj.edu.ar\\\/raaa2023\\\/cena\\\/#breadcrumb\",\"itemListElement\":[{\"@type\":\"ListItem\",\"position\":1,\"name\":\"Home\",\"item\":\"https:\\\/\\\/exactas.unsj.edu.ar\\\/raaa2023\\\/\"},{\"@type\":\"ListItem\",\"position\":2,\"name\":\"cena\"}]},{\"@type\":\"WebSite\",\"@id\":\"https:\\\/\\\/exactas.unsj.edu.ar\\\/raaa2023\\\/#website\",\"url\":\"https:\\\/\\\/exactas.unsj.edu.ar\\\/raaa2023\\\/\",\"name\":\"65a Reuni\u00f3n Anual de la Asociaci\u00f3n Argentina de Astronom\u00eda\",\"description\":\"San Juan 2023\",\"potentialAction\":[{\"@type\":\"SearchAction\",\"target\":{\"@type\":\"EntryPoint\",\"urlTemplate\":\"https:\\\/\\\/exactas.unsj.edu.ar\\\/raaa2023\\\/?s={search_term_string}\"},\"query-input\":{\"@type\":\"PropertyValueSpecification\",\"valueRequired\":true,\"valueName\":\"search_term_string\"}}],\"inLanguage\":\"es-AR\"}]}<\/script>\n<!-- \/ Yoast SEO plugin. -->","yoast_head_json":{"title":"cena - 65a Reuni\u00f3n Anual de la Asociaci\u00f3n Argentina de Astronom\u00eda","robots":{"index":"index","follow":"follow","max-snippet":"max-snippet:-1","max-image-preview":"max-image-preview:large","max-video-preview":"max-video-preview:-1"},"canonical":"https:\/\/exactas.unsj.edu.ar\/raaa2023\/cena\/","og_locale":"es_ES","og_type":"article","og_title":"cena - 65a Reuni\u00f3n Anual de la Asociaci\u00f3n Argentina de Astronom\u00eda","og_description":"CENA DE CAMARADER\u00cdA Puede inscribirse completando el siguiente formulario. Informaci\u00f3n sobre la cena: D\u00eda: Mi\u00e9rcoles 20 de Septiembre. Hora: 19:30 a 00:00hs. Lugar: COMPLEJO N\u00c1UTICO ULL\u00daM de la Universidad Nacional de San Juan. MEN\u00da: RECEPCI\u00d3N: Se ofrece un servicio abundante Bandejeado por los mozos.- * Bocaditos Fr\u00edos: Pinchos Capresse de Mozarela Cherry Albahaca y Oliva [&hellip;]","og_url":"https:\/\/exactas.unsj.edu.ar\/raaa2023\/cena\/","og_site_name":"65a Reuni\u00f3n Anual de la Asociaci\u00f3n Argentina de Astronom\u00eda","article_modified_time":"2023-08-31T19:45:01+00:00","twitter_card":"summary_large_image","twitter_misc":{"Tiempo de lectura":"2 minutos"},"schema":{"@context":"https:\/\/schema.org","@graph":[{"@type":"WebPage","@id":"https:\/\/exactas.unsj.edu.ar\/raaa2023\/cena\/","url":"https:\/\/exactas.unsj.edu.ar\/raaa2023\/cena\/","name":"cena - 65a Reuni\u00f3n Anual de la Asociaci\u00f3n Argentina de Astronom\u00eda","isPartOf":{"@id":"https:\/\/exactas.unsj.edu.ar\/raaa2023\/#website"},"datePublished":"2023-08-31T19:36:12+00:00","dateModified":"2023-08-31T19:45:01+00:00","breadcrumb":{"@id":"https:\/\/exactas.unsj.edu.ar\/raaa2023\/cena\/#breadcrumb"},"inLanguage":"es-AR","potentialAction":[{"@type":"ReadAction","target":["https:\/\/exactas.unsj.edu.ar\/raaa2023\/cena\/"]}]},{"@type":"BreadcrumbList","@id":"https:\/\/exactas.unsj.edu.ar\/raaa2023\/cena\/#breadcrumb","itemListElement":[{"@type":"ListItem","position":1,"name":"Home","item":"https:\/\/exactas.unsj.edu.ar\/raaa2023\/"},{"@type":"ListItem","position":2,"name":"cena"}]},{"@type":"WebSite","@id":"https:\/\/exactas.unsj.edu.ar\/raaa2023\/#website","url":"https:\/\/exactas.unsj.edu.ar\/raaa2023\/","name":"65a Reuni\u00f3n Anual de la Asociaci\u00f3n Argentina de Astronom\u00eda","description":"San Juan 2023","potentialAction":[{"@type":"SearchAction","target":{"@type":"EntryPoint","urlTemplate":"https:\/\/exactas.unsj.edu.ar\/raaa2023\/?s={search_term_string}"},"query-input":{"@type":"PropertyValueSpecification","valueRequired":true,"valueName":"search_term_string"}}],"inLanguage":"es-AR"}]}},"jetpack_sharing_enabled":true,"_links":{"self":[{"href":"https:\/\/exactas.unsj.edu.ar\/raaa2023\/wp-json\/wp\/v2\/pages\/988","targetHints":{"allow":["GET"]}}],"collection":[{"href":"https:\/\/exactas.unsj.edu.ar\/raaa2023\/wp-json\/wp\/v2\/pages"}],"about":[{"href":"https:\/\/exactas.unsj.edu.ar\/raaa2023\/wp-json\/wp\/v2\/types\/page"}],"author":[{"embeddable":true,"href":"https:\/\/exactas.unsj.edu.ar\/raaa2023\/wp-json\/wp\/v2\/users\/2"}],"replies":[{"embeddable":true,"href":"https:\/\/exactas.unsj.edu.ar\/raaa2023\/wp-json\/wp\/v2\/comments?post=988"}],"version-history":[{"count":4,"href":"https:\/\/exactas.unsj.edu.ar\/raaa2023\/wp-json\/wp\/v2\/pages\/988\/revisions"}],"predecessor-version":[{"id":998,"href":"https:\/\/exactas.unsj.edu.ar\/raaa2023\/wp-json\/wp\/v2\/pages\/988\/revisions\/998"}],"wp:attachment":[{"href":"https:\/\/exactas.unsj.edu.ar\/raaa2023\/wp-json\/wp\/v2\/media?parent=988"}],"curies":[{"name":"wp","href":"https:\/\/api.w.org\/{rel}","templated":true}]}}