{"id":916,"date":"2023-08-17T16:16:48","date_gmt":"2023-08-17T19:16:48","guid":{"rendered":"https:\/\/exactas.unsj.edu.ar\/raaa2023\/?page_id=916"},"modified":"2023-08-17T16:16:55","modified_gmt":"2023-08-17T19:16:55","slug":"instrucciones_posters","status":"publish","type":"page","link":"https:\/\/exactas.unsj.edu.ar\/raaa2023\/instrucciones_posters\/","title":{"rendered":"instrucciones_posters"},"content":{"rendered":"<p>[et_pb_section fb_built=&#8221;1&#8243; theme_builder_area=&#8221;post_content&#8221; _builder_version=&#8221;4.22.0&#8243; _module_preset=&#8221;default&#8221;][et_pb_row _builder_version=&#8221;4.22.0&#8243; _module_preset=&#8221;default&#8221; theme_builder_area=&#8221;post_content&#8221;][et_pb_column _builder_version=&#8221;4.22.0&#8243; _module_preset=&#8221;default&#8221; type=&#8221;4_4&#8243; theme_builder_area=&#8221;post_content&#8221;][et_pb_text _builder_version=&#8221;4.22.0&#8243; _module_preset=&#8221;default&#8221; theme_builder_area=&#8221;post_content&#8221; hover_enabled=&#8221;0&#8243; sticky_enabled=&#8221;0&#8243;]<\/p>\n<h3><strong>Instrucciones:<\/strong><\/h3>\n<h4 dir=\"ltr\">Los posters deber\u00e1n tener una medida M\u00c1XIMA de 75 cm (ancho) x 90 cm (largo).<\/h4>\n<h4 dir=\"ltr\"><u>Opcional:<\/u>\u00a0env\u00edo de un video (de aproximadamente un minuto de duraci\u00f3n) realizando una breve presentaci\u00f3n del trabajo. Los videos ser\u00e1n subidos a la lista de reproducci\u00f3n de la reuni\u00f3n, dentro del canal de youtube de la Facultad de Ciencias Exactas, F\u00edsicas y Naturales. Los mismos deber\u00e1n ser enviados por mail a\u00a0 la siguiente direcci\u00f3n de correo electr\u00f3nico:\u00a0<a href=\"mailto:65raaa.videosposters@gmail.com\" target=\"_blank\" rel=\"noopener\">65raaa.videosposters@gmail.com<\/a><\/h4>\n<h4 dir=\"ltr\">Luego a cada video le ser\u00e1 asociado un c\u00f3digo QR que podr\u00e1n incluir en su poster. De esta forma, el mismo podr\u00e1 ser escaneado para acceder al video de presentaci\u00f3n. La\u00a0<b>fecha l\u00edmite<\/b>\u00a0de env\u00edo de los videos es el\u00a0<b>viernes 8 de Septiembre.<\/b><\/h4>\n<h4>\u00a0<\/h4>\n<h4 dir=\"ltr\"><u>Especificaciones sobre formato de videos<\/u>:<\/h4>\n<h4>\u00a0<\/h4>\n<h4 dir=\"ltr\">MOV, MPEG\u20111, MPEG\u20112, MPEG4, MP4, MPG, AVI, WMV, MPEGPS, FLV, 3GPP, WebM, DNxHR, ProRes, CineForm, HEVC (h265). MPG es el formato m\u00e1s recomendable.<\/h4>\n<h4 dir=\"ltr\">La duraci\u00f3n m\u00ednima es de 33 segundos.<\/h4>\n<h4 dir=\"ltr\">La frecuencia de visualizaci\u00f3n recomendada es de 24 o 25 FPS. Preferiblemente sin remuestreo para que la reproducci\u00f3n sea \u00f3ptima.<\/h4>\n<h4 dir=\"ltr\">Preferiblemente en alta definici\u00f3n.<\/h4>\n<p>[\/et_pb_text][\/et_pb_column][\/et_pb_row][\/et_pb_section]<\/p>\n","protected":false},"excerpt":{"rendered":"<p>Instrucciones: Los posters deber\u00e1n tener una medida M\u00c1XIMA de 75 cm (ancho) x 90 cm (largo). Opcional:\u00a0env\u00edo de un video (de aproximadamente un minuto de duraci\u00f3n) realizando una breve presentaci\u00f3n del trabajo. Los videos ser\u00e1n subidos a la lista de reproducci\u00f3n de la reuni\u00f3n, dentro del canal de youtube de la Facultad de Ciencias Exactas, [&hellip;]<\/p>\n","protected":false},"author":2,"featured_media":0,"parent":0,"menu_order":0,"comment_status":"closed","ping_status":"closed","template":"","meta":{"nf_dc_page":"","_et_pb_use_builder":"on","_et_pb_old_content":"","_et_gb_content_width":"","_monsterinsights_skip_tracking":false,"_monsterinsights_sitenote_active":false,"_monsterinsights_sitenote_note":"","_monsterinsights_sitenote_category":0,"footnotes":""},"class_list":["post-916","page","type-page","status-publish","hentry"],"yoast_head":"<!-- This site is optimized with the Yoast SEO plugin v27.4 - https:\/\/yoast.com\/product\/yoast-seo-wordpress\/ -->\n<title>instrucciones_posters - 65a Reuni\u00f3n Anual de la Asociaci\u00f3n Argentina de Astronom\u00eda<\/title>\n<meta name=\"robots\" content=\"index, follow, max-snippet:-1, max-image-preview:large, max-video-preview:-1\" \/>\n<link rel=\"canonical\" href=\"https:\/\/exactas.unsj.edu.ar\/raaa2023\/instrucciones_posters\/\" \/>\n<meta property=\"og:locale\" content=\"es_ES\" \/>\n<meta property=\"og:type\" content=\"article\" \/>\n<meta property=\"og:title\" content=\"instrucciones_posters - 65a Reuni\u00f3n Anual de la Asociaci\u00f3n Argentina de Astronom\u00eda\" \/>\n<meta property=\"og:description\" content=\"Instrucciones: Los posters deber\u00e1n tener una medida M\u00c1XIMA de 75 cm (ancho) x 90 cm (largo). Opcional:\u00a0env\u00edo de un video (de aproximadamente un minuto de duraci\u00f3n) realizando una breve presentaci\u00f3n del trabajo. Los videos ser\u00e1n subidos a la lista de reproducci\u00f3n de la reuni\u00f3n, dentro del canal de youtube de la Facultad de Ciencias Exactas, [&hellip;]\" \/>\n<meta property=\"og:url\" content=\"https:\/\/exactas.unsj.edu.ar\/raaa2023\/instrucciones_posters\/\" \/>\n<meta property=\"og:site_name\" content=\"65a Reuni\u00f3n Anual de la Asociaci\u00f3n Argentina de Astronom\u00eda\" \/>\n<meta property=\"article:modified_time\" content=\"2023-08-17T19:16:55+00:00\" \/>\n<meta name=\"twitter:card\" content=\"summary_large_image\" \/>\n<script type=\"application\/ld+json\" class=\"yoast-schema-graph\">{\"@context\":\"https:\\\/\\\/schema.org\",\"@graph\":[{\"@type\":\"WebPage\",\"@id\":\"https:\\\/\\\/exactas.unsj.edu.ar\\\/raaa2023\\\/instrucciones_posters\\\/\",\"url\":\"https:\\\/\\\/exactas.unsj.edu.ar\\\/raaa2023\\\/instrucciones_posters\\\/\",\"name\":\"instrucciones_posters - 65a Reuni\u00f3n Anual de la Asociaci\u00f3n Argentina de Astronom\u00eda\",\"isPartOf\":{\"@id\":\"https:\\\/\\\/exactas.unsj.edu.ar\\\/raaa2023\\\/#website\"},\"datePublished\":\"2023-08-17T19:16:48+00:00\",\"dateModified\":\"2023-08-17T19:16:55+00:00\",\"breadcrumb\":{\"@id\":\"https:\\\/\\\/exactas.unsj.edu.ar\\\/raaa2023\\\/instrucciones_posters\\\/#breadcrumb\"},\"inLanguage\":\"es-AR\",\"potentialAction\":[{\"@type\":\"ReadAction\",\"target\":[\"https:\\\/\\\/exactas.unsj.edu.ar\\\/raaa2023\\\/instrucciones_posters\\\/\"]}]},{\"@type\":\"BreadcrumbList\",\"@id\":\"https:\\\/\\\/exactas.unsj.edu.ar\\\/raaa2023\\\/instrucciones_posters\\\/#breadcrumb\",\"itemListElement\":[{\"@type\":\"ListItem\",\"position\":1,\"name\":\"Home\",\"item\":\"https:\\\/\\\/exactas.unsj.edu.ar\\\/raaa2023\\\/\"},{\"@type\":\"ListItem\",\"position\":2,\"name\":\"instrucciones_posters\"}]},{\"@type\":\"WebSite\",\"@id\":\"https:\\\/\\\/exactas.unsj.edu.ar\\\/raaa2023\\\/#website\",\"url\":\"https:\\\/\\\/exactas.unsj.edu.ar\\\/raaa2023\\\/\",\"name\":\"65a Reuni\u00f3n Anual de la Asociaci\u00f3n Argentina de Astronom\u00eda\",\"description\":\"San Juan 2023\",\"potentialAction\":[{\"@type\":\"SearchAction\",\"target\":{\"@type\":\"EntryPoint\",\"urlTemplate\":\"https:\\\/\\\/exactas.unsj.edu.ar\\\/raaa2023\\\/?s={search_term_string}\"},\"query-input\":{\"@type\":\"PropertyValueSpecification\",\"valueRequired\":true,\"valueName\":\"search_term_string\"}}],\"inLanguage\":\"es-AR\"}]}<\/script>\n<!-- \/ Yoast SEO plugin. -->","yoast_head_json":{"title":"instrucciones_posters - 65a Reuni\u00f3n Anual de la Asociaci\u00f3n Argentina de Astronom\u00eda","robots":{"index":"index","follow":"follow","max-snippet":"max-snippet:-1","max-image-preview":"max-image-preview:large","max-video-preview":"max-video-preview:-1"},"canonical":"https:\/\/exactas.unsj.edu.ar\/raaa2023\/instrucciones_posters\/","og_locale":"es_ES","og_type":"article","og_title":"instrucciones_posters - 65a Reuni\u00f3n Anual de la Asociaci\u00f3n Argentina de Astronom\u00eda","og_description":"Instrucciones: Los posters deber\u00e1n tener una medida M\u00c1XIMA de 75 cm (ancho) x 90 cm (largo). Opcional:\u00a0env\u00edo de un video (de aproximadamente un minuto de duraci\u00f3n) realizando una breve presentaci\u00f3n del trabajo. Los videos ser\u00e1n subidos a la lista de reproducci\u00f3n de la reuni\u00f3n, dentro del canal de youtube de la Facultad de Ciencias Exactas, [&hellip;]","og_url":"https:\/\/exactas.unsj.edu.ar\/raaa2023\/instrucciones_posters\/","og_site_name":"65a Reuni\u00f3n Anual de la Asociaci\u00f3n Argentina de Astronom\u00eda","article_modified_time":"2023-08-17T19:16:55+00:00","twitter_card":"summary_large_image","schema":{"@context":"https:\/\/schema.org","@graph":[{"@type":"WebPage","@id":"https:\/\/exactas.unsj.edu.ar\/raaa2023\/instrucciones_posters\/","url":"https:\/\/exactas.unsj.edu.ar\/raaa2023\/instrucciones_posters\/","name":"instrucciones_posters - 65a Reuni\u00f3n Anual de la Asociaci\u00f3n Argentina de Astronom\u00eda","isPartOf":{"@id":"https:\/\/exactas.unsj.edu.ar\/raaa2023\/#website"},"datePublished":"2023-08-17T19:16:48+00:00","dateModified":"2023-08-17T19:16:55+00:00","breadcrumb":{"@id":"https:\/\/exactas.unsj.edu.ar\/raaa2023\/instrucciones_posters\/#breadcrumb"},"inLanguage":"es-AR","potentialAction":[{"@type":"ReadAction","target":["https:\/\/exactas.unsj.edu.ar\/raaa2023\/instrucciones_posters\/"]}]},{"@type":"BreadcrumbList","@id":"https:\/\/exactas.unsj.edu.ar\/raaa2023\/instrucciones_posters\/#breadcrumb","itemListElement":[{"@type":"ListItem","position":1,"name":"Home","item":"https:\/\/exactas.unsj.edu.ar\/raaa2023\/"},{"@type":"ListItem","position":2,"name":"instrucciones_posters"}]},{"@type":"WebSite","@id":"https:\/\/exactas.unsj.edu.ar\/raaa2023\/#website","url":"https:\/\/exactas.unsj.edu.ar\/raaa2023\/","name":"65a Reuni\u00f3n Anual de la Asociaci\u00f3n Argentina de Astronom\u00eda","description":"San Juan 2023","potentialAction":[{"@type":"SearchAction","target":{"@type":"EntryPoint","urlTemplate":"https:\/\/exactas.unsj.edu.ar\/raaa2023\/?s={search_term_string}"},"query-input":{"@type":"PropertyValueSpecification","valueRequired":true,"valueName":"search_term_string"}}],"inLanguage":"es-AR"}]}},"jetpack_sharing_enabled":true,"_links":{"self":[{"href":"https:\/\/exactas.unsj.edu.ar\/raaa2023\/wp-json\/wp\/v2\/pages\/916","targetHints":{"allow":["GET"]}}],"collection":[{"href":"https:\/\/exactas.unsj.edu.ar\/raaa2023\/wp-json\/wp\/v2\/pages"}],"about":[{"href":"https:\/\/exactas.unsj.edu.ar\/raaa2023\/wp-json\/wp\/v2\/types\/page"}],"author":[{"embeddable":true,"href":"https:\/\/exactas.unsj.edu.ar\/raaa2023\/wp-json\/wp\/v2\/users\/2"}],"replies":[{"embeddable":true,"href":"https:\/\/exactas.unsj.edu.ar\/raaa2023\/wp-json\/wp\/v2\/comments?post=916"}],"version-history":[{"count":2,"href":"https:\/\/exactas.unsj.edu.ar\/raaa2023\/wp-json\/wp\/v2\/pages\/916\/revisions"}],"predecessor-version":[{"id":918,"href":"https:\/\/exactas.unsj.edu.ar\/raaa2023\/wp-json\/wp\/v2\/pages\/916\/revisions\/918"}],"wp:attachment":[{"href":"https:\/\/exactas.unsj.edu.ar\/raaa2023\/wp-json\/wp\/v2\/media?parent=916"}],"curies":[{"name":"wp","href":"https:\/\/api.w.org\/{rel}","templated":true}]}}