{"id":874,"date":"2023-08-10T11:05:45","date_gmt":"2023-08-10T14:05:45","guid":{"rendered":"https:\/\/exactas.unsj.edu.ar\/raaa2023\/?page_id=874"},"modified":"2023-08-11T11:05:26","modified_gmt":"2023-08-11T14:05:26","slug":"todo-publico","status":"publish","type":"page","link":"https:\/\/exactas.unsj.edu.ar\/raaa2023\/todo-publico\/","title":{"rendered":"Todo P\u00fablico"},"content":{"rendered":"<p>[et_pb_section fb_built=&#8221;1&#8243; admin_label=&#8221;TITULO&#8221; _builder_version=&#8221;4.21.0&#8243; _module_preset=&#8221;default&#8221; locked=&#8221;off&#8221; collapsed=&#8221;off&#8221; global_colors_info=&#8221;{}&#8221;][et_pb_row _builder_version=&#8221;4.21.0&#8243; _module_preset=&#8221;default&#8221; collapsed=&#8221;off&#8221; global_colors_info=&#8221;{}&#8221;][et_pb_column type=&#8221;4_4&#8243; _builder_version=&#8221;4.21.0&#8243; _module_preset=&#8221;default&#8221; global_colors_info=&#8221;{}&#8221;][et_pb_image src=&#8221;https:\/\/exactas.unsj.edu.ar\/raaa2023\/wp-content\/uploads\/2023\/08\/Screenshot-from-2023-08-10-10-52-37.png&#8221; title_text=&#8221;Screenshot from 2023-08-10 10-52-37&#8243; _builder_version=&#8221;4.21.2&#8243; _module_preset=&#8221;default&#8221; background_enable_color=&#8221;off&#8221; border_color_all=&#8221;#FFF347&#8243; global_colors_info=&#8221;{}&#8221;][\/et_pb_image][\/et_pb_column][\/et_pb_row][\/et_pb_section][et_pb_section fb_built=&#8221;1&#8243; admin_label=&#8221;Facundo Colombo&#8221; _builder_version=&#8221;4.21.0&#8243; _module_preset=&#8221;default&#8221; top_divider_style=&#8221;arrow2&#8243; top_divider_color=&#8221;#0C71C3&#8243; top_divider_height=&#8221;50px&#8221; locked=&#8221;off&#8221; collapsed=&#8221;on&#8221; global_colors_info=&#8221;{}&#8221;][et_pb_row _builder_version=&#8221;4.21.0&#8243; _module_preset=&#8221;default&#8221; collapsed=&#8221;on&#8221; global_colors_info=&#8221;{}&#8221;][et_pb_column type=&#8221;4_4&#8243; _builder_version=&#8221;4.21.0&#8243; _module_preset=&#8221;default&#8221; global_colors_info=&#8221;{}&#8221;][et_pb_text _builder_version=&#8221;4.21.2&#8243; _module_preset=&#8221;default&#8221; global_colors_info=&#8221;{}&#8221;]<\/p>\n<h1 class=\"et_pb_module_header\"><span style=\"color: #0000ff;\">El presagio de los neutrinos<\/span><\/h1>\n<p>[\/et_pb_text][et_pb_text _builder_version=&#8221;4.21.2&#8243; _module_preset=&#8221;default&#8221; global_colors_info=&#8221;{}&#8221;]<\/p>\n<h3><span style=\"color: #ff6600;\"><strong>Dr. Juan Facundo Albacete Colombo<\/strong><\/span><\/h3>\n<p>[\/et_pb_text][\/et_pb_column][\/et_pb_row][et_pb_row column_structure=&#8221;1_2,1_2&#8243; _builder_version=&#8221;4.21.0&#8243; _module_preset=&#8221;default&#8221; collapsed=&#8221;on&#8221; global_colors_info=&#8221;{}&#8221;][et_pb_column type=&#8221;1_2&#8243; _builder_version=&#8221;4.21.0&#8243; _module_preset=&#8221;default&#8221; global_colors_info=&#8221;{}&#8221;][et_pb_image src=&#8221;https:\/\/exactas.unsj.edu.ar\/raaa2023\/wp-content\/uploads\/2023\/08\/colombo.png&#8221; title_text=&#8221;colombo&#8221; align=&#8221;center&#8221; _builder_version=&#8221;4.21.2&#8243; _module_preset=&#8221;default&#8221; width=&#8221;50%&#8221; max_width=&#8221;50%&#8221; global_colors_info=&#8221;{}&#8221;][\/et_pb_image][\/et_pb_column][et_pb_column type=&#8221;1_2&#8243; _builder_version=&#8221;4.21.0&#8243; _module_preset=&#8221;default&#8221; global_colors_info=&#8221;{}&#8221;][et_pb_blurb _builder_version=&#8221;4.21.2&#8243; _module_preset=&#8221;default&#8221; global_colors_info=&#8221;{}&#8221;]<\/p>\n<h4>El Dr. Juan Facundo Albacete Colombo estudio es licenciado en Astronom\u00eda egresado de la Universidad Nacional de La Plata, hizo su Doctorado\u00a0 en la Facultad de Ciencias Astron\u00f3micas y Geof\u00edsicas de la Universidad Nacional de La Plata (FCAGLP). Posee un postgrado realizado en el Osservatorio Astronomico di Palermo (OAPA) Italia, con una beca postdoctoral Marie Curie de la comunidad Europea. Posee numerosos trabajos cientificos en revistas internacionales con referato. Actualmente es Investigador Independiente de CONICET y profesor de la Universidad Nacional de Rio Negro (UNRN).<\/h4>\n<p>[\/et_pb_blurb][\/et_pb_column][\/et_pb_row][et_pb_row _builder_version=&#8221;4.21.2&#8243; _module_preset=&#8221;default&#8221; collapsed=&#8221;on&#8221; global_colors_info=&#8221;{}&#8221;][et_pb_column type=&#8221;4_4&#8243; _builder_version=&#8221;4.21.2&#8243; _module_preset=&#8221;default&#8221; global_colors_info=&#8221;{}&#8221;][et_pb_text _builder_version=&#8221;4.21.2&#8243; _module_preset=&#8221;default&#8221; global_colors_info=&#8221;{}&#8221;]<\/p>\n<h3 class=\"et_pb_module_header\"><span style=\"color: #0000ff;\">T\u00edtulo: El presagio de los neutrinos<\/span><\/h3>\n<p>[\/et_pb_text][\/et_pb_column][\/et_pb_row][et_pb_row _builder_version=&#8221;4.21.2&#8243; _module_preset=&#8221;default&#8221; collapsed=&#8221;on&#8221; global_colors_info=&#8221;{}&#8221;][et_pb_column type=&#8221;4_4&#8243; _builder_version=&#8221;4.21.2&#8243; _module_preset=&#8221;default&#8221; global_colors_info=&#8221;{}&#8221;][et_pb_text _builder_version=&#8221;4.21.2&#8243; _module_preset=&#8221;default&#8221; global_colors_info=&#8221;{}&#8221;]<\/p>\n<h4>Resumen:<\/h4>\n<h4>Las estrellas, acaso hayan sido las primeras luces que la humanidad recibi\u00f3 como invitaci\u0301\u00f3n al estudio del Universo. Con el paso de los siglos entendimos que hab\u00eda mucho mas que esto. Sin embargo, a\u00fan hoy, no le damos la importancia que merecen en la formaci \u0301on de\u00a0 \u00e1tomos complejos y elementos qu\u00edmicos necesarios para entender todo lo que nos rodea, e incluso la vida misma. Nos adentraremos en el rol que las estrellas masivas han jugado, y juegan, en la propia existencia humana.<\/h4>\n<h4>En esta charla nos introduciremos en el camino evolutivo de las estrellas, desde sus inicios, sus curiosidades durante la fase de su formaci\u00f3n y nacimiento. Luego, con el tiempo, y de acuerdo a cuanta masa tengan al momento de nacer, su evoluci\u00f3n ser \u0301a distinta. Nace la nucleos \u0301\u0131ntesis estelar y el tremendo impacto que esta tiene en las chances de existencia de vida en el Universo. Sin embargo, algo m\u00e1s dr\u00e1stico ocurre con algunas de ellas, explotan en Supernovas, emitiendo la luz equivalente a la de toda una Galaxia en un solo instante. Quiz\u00e1s si la suerte acompa\u00f1a, sea esta buena o mala, hoy podr\u00edamos ser testigos privilegiados de una explosi\u00f3n de Supernova en una estrella cercana. Entender a que distancia estar\u00edamos a salvo, y bajo que condici\u00f3n la humanidad podr\u00eda sobrevivir, son preguntas que dan origen a una intrigante novela de ficci\u00f3n, o quiz\u00e1 no tan ficci\u00f3n.<\/h4>\n<p>[\/et_pb_text][\/et_pb_column][\/et_pb_row][\/et_pb_section][et_pb_section fb_built=&#8221;1&#8243; admin_label=&#8221;Gabriel Ferrero&#8221; _builder_version=&#8221;4.21.0&#8243; _module_preset=&#8221;default&#8221; top_divider_style=&#8221;arrow2&#8243; top_divider_color=&#8221;#0C71C3&#8243; top_divider_height=&#8221;50px&#8221; locked=&#8221;off&#8221; collapsed=&#8221;off&#8221; global_colors_info=&#8221;{}&#8221;][et_pb_row _builder_version=&#8221;4.21.0&#8243; _module_preset=&#8221;default&#8221; collapsed=&#8221;off&#8221; global_colors_info=&#8221;{}&#8221;][et_pb_column type=&#8221;4_4&#8243; _builder_version=&#8221;4.21.0&#8243; _module_preset=&#8221;default&#8221; global_colors_info=&#8221;{}&#8221;][et_pb_text _builder_version=&#8221;4.22.0&#8243; _module_preset=&#8221;default&#8221; global_colors_info=&#8221;{}&#8221;]<\/p>\n<h1 class=\"et_pb_module_header\"><span style=\"color: #0000ff;\">\u00bfNacemos estrellados? Buscando respuestas en el cosmos, la ciencia y sus leyes.<\/span><\/h1>\n<p>[\/et_pb_text][et_pb_text _builder_version=&#8221;4.22.0&#8243; _module_preset=&#8221;default&#8221; global_colors_info=&#8221;{}&#8221;]<\/p>\n<h3><span style=\"color: #ff6600;\"><strong>Dr. Gabriel Ferrero<\/strong><\/span><\/h3>\n<p>[\/et_pb_text][\/et_pb_column][\/et_pb_row][et_pb_row column_structure=&#8221;1_2,1_2&#8243; _builder_version=&#8221;4.21.0&#8243; _module_preset=&#8221;default&#8221; collapsed=&#8221;off&#8221; global_colors_info=&#8221;{}&#8221;][et_pb_column type=&#8221;1_2&#8243; _builder_version=&#8221;4.21.0&#8243; _module_preset=&#8221;default&#8221; global_colors_info=&#8221;{}&#8221;][et_pb_image src=&#8221;https:\/\/exactas.unsj.edu.ar\/raaa2023\/wp-content\/uploads\/2023\/08\/gabriel_20210128_1r-4.jpg&#8221; title_text=&#8221;gabriel_20210128_1r&#8221; align=&#8221;center&#8221; _builder_version=&#8221;4.22.0&#8243; _module_preset=&#8221;default&#8221; width=&#8221;50%&#8221; max_width=&#8221;50%&#8221; hover_enabled=&#8221;0&#8243; global_colors_info=&#8221;{}&#8221; sticky_enabled=&#8221;0&#8243;][\/et_pb_image][\/et_pb_column][et_pb_column type=&#8221;1_2&#8243; _builder_version=&#8221;4.21.0&#8243; _module_preset=&#8221;default&#8221; global_colors_info=&#8221;{}&#8221;][et_pb_blurb _builder_version=&#8221;4.22.0&#8243; _module_preset=&#8221;default&#8221; global_colors_info=&#8221;{}&#8221;]<\/p>\n<h4>El Dr. Gabriel Antonio Ferrero Sosa es Licenciado en F\u00edsica, egresado de la Universidad Nacional Mayor de San Marcos (Per\u00fa), y Doctor en Astronom\u00eda por la Universidad Nacional de La Plata (UNLP). Trabaj\u00f3 como investigador durante varios a\u00f1os en la Agencia Espacial del Per\u00fa (CONIDA) y actualmente se desempe\u00f1a como docente e investigador en la Facultad de Ciencias Astron\u00f3micas y Geof\u00edsicas de la UNLP. Integra adem\u00e1s la Secretar\u00eda T\u00e9cnica de la Oficina Nacional Argentina del Observatorio Astron\u00f3mico Internacional Gemini.<\/h4>\n<p>[\/et_pb_blurb][\/et_pb_column][\/et_pb_row][et_pb_row _builder_version=&#8221;4.21.2&#8243; _module_preset=&#8221;default&#8221; collapsed=&#8221;off&#8221; global_colors_info=&#8221;{}&#8221;][et_pb_column type=&#8221;4_4&#8243; _builder_version=&#8221;4.21.2&#8243; _module_preset=&#8221;default&#8221; global_colors_info=&#8221;{}&#8221;][et_pb_text _builder_version=&#8221;4.22.0&#8243; _module_preset=&#8221;default&#8221; global_colors_info=&#8221;{}&#8221;]<\/p>\n<h3 class=\"et_pb_module_header\"><span style=\"color: #0000ff;\">T\u00edtulo: <\/span><span style=\"color: #0000ff;\">\u00bfNacemos estrellados? Buscando respuestas en el cosmos, la ciencia y sus leyes.<\/span><\/h3>\n<p>[\/et_pb_text][\/et_pb_column][\/et_pb_row][et_pb_row _builder_version=&#8221;4.21.2&#8243; _module_preset=&#8221;default&#8221; collapsed=&#8221;off&#8221; global_colors_info=&#8221;{}&#8221;][et_pb_column type=&#8221;4_4&#8243; _builder_version=&#8221;4.21.2&#8243; _module_preset=&#8221;default&#8221; global_colors_info=&#8221;{}&#8221;][et_pb_text _builder_version=&#8221;4.22.0&#8243; _module_preset=&#8221;default&#8221; hover_enabled=&#8221;0&#8243; global_colors_info=&#8221;{}&#8221; sticky_enabled=&#8221;0&#8243;]<\/p>\n<h4>Resumen:<\/h4>\n<h4>En el \u00faltimo siglo, la ciencia ha producido un enorme conjunto de conocimientos que nos revela un mundo maravilloso. Hemos podido expresar en n\u00fameros la vastedad de universo y sus largu\u00edsimos tiempos, tanto como las ef\u00edmeras part\u00edculas subat\u00f3micas. Comprendimos que el universo ha ido cambiando a lo largo de miles de millones de a\u00f1os hasta ser capaz de albergar vida, y vida consciente de serlo. Al mismo tiempo, este gigantesco bagaje de conocimientos hace brotar otra vez en nosotros, con profundidad renovada, preguntas antiguas pero siempre actuales. \u00bfPor qu\u00e9 estamos aqu\u00ed? \u00bfDe d\u00f3nde venimos? \u00bfAd\u00f3nde vamos? \u00bfPor qu\u00e9 existe todo esto? \u00bfTiene un sentido? \u00bfPuede la ciencia, y en especial la astronom\u00eda, ayudarnos a responder estas preguntas?<\/h4>\n<h4>En esta charla repasaremos las etapas del desarrollo del universo, desde el Big Bang hasta el presente, concentr\u00e1ndonos en los grandes descubrimientos astron\u00f3micos del siglo XX, que nos han permitido construir nuestra visi\u00f3n actual del universo. Intentaremos as\u00ed traer a la luz las profundas estructuras que sostienen la realidad en su continuo desarrollo y trataremos de descubrir lo que nos dicen acerca de nosotros mismos, nuestro camino y nuestro futuro.<\/h4>\n<p>[\/et_pb_text][\/et_pb_column][\/et_pb_row][\/et_pb_section]<\/p>\n","protected":false},"excerpt":{"rendered":"<p>El presagio de los neutrinos Dr. Juan Facundo Albacete Colombo El Dr. Juan Facundo Albacete Colombo estudio es licenciado en Astronom\u00eda egresado de la Universidad Nacional de La Plata, hizo su Doctorado\u00a0 en la Facultad de Ciencias Astron\u00f3micas y Geof\u00edsicas de la Universidad Nacional de La Plata (FCAGLP). Posee un postgrado realizado en el Osservatorio [&hellip;]<\/p>\n","protected":false},"author":2,"featured_media":0,"parent":0,"menu_order":0,"comment_status":"closed","ping_status":"closed","template":"","meta":{"nf_dc_page":"","_et_pb_use_builder":"on","_et_pb_old_content":"","_et_gb_content_width":"","_monsterinsights_skip_tracking":false,"_monsterinsights_sitenote_active":false,"_monsterinsights_sitenote_note":"","_monsterinsights_sitenote_category":0,"footnotes":""},"class_list":["post-874","page","type-page","status-publish","hentry"],"yoast_head":"<!-- This site is optimized with the Yoast SEO plugin v27.4 - https:\/\/yoast.com\/product\/yoast-seo-wordpress\/ -->\n<title>Todo P\u00fablico - 65a Reuni\u00f3n Anual de la Asociaci\u00f3n Argentina de Astronom\u00eda<\/title>\n<meta name=\"robots\" content=\"index, follow, max-snippet:-1, max-image-preview:large, max-video-preview:-1\" \/>\n<link rel=\"canonical\" href=\"https:\/\/exactas.unsj.edu.ar\/raaa2023\/todo-publico\/\" \/>\n<meta property=\"og:locale\" content=\"es_ES\" \/>\n<meta property=\"og:type\" content=\"article\" \/>\n<meta property=\"og:title\" content=\"Todo P\u00fablico - 65a Reuni\u00f3n Anual de la Asociaci\u00f3n Argentina de Astronom\u00eda\" \/>\n<meta property=\"og:description\" content=\"El presagio de los neutrinos Dr. Juan Facundo Albacete Colombo El Dr. Juan Facundo Albacete Colombo estudio es licenciado en Astronom\u00eda egresado de la Universidad Nacional de La Plata, hizo su Doctorado\u00a0 en la Facultad de Ciencias Astron\u00f3micas y Geof\u00edsicas de la Universidad Nacional de La Plata (FCAGLP). Posee un postgrado realizado en el Osservatorio [&hellip;]\" \/>\n<meta property=\"og:url\" content=\"https:\/\/exactas.unsj.edu.ar\/raaa2023\/todo-publico\/\" \/>\n<meta property=\"og:site_name\" content=\"65a Reuni\u00f3n Anual de la Asociaci\u00f3n Argentina de Astronom\u00eda\" \/>\n<meta property=\"article:modified_time\" content=\"2023-08-11T14:05:26+00:00\" \/>\n<meta name=\"twitter:card\" content=\"summary_large_image\" \/>\n<meta name=\"twitter:label1\" content=\"Tiempo de lectura\" \/>\n\t<meta name=\"twitter:data1\" content=\"4 minutos\" \/>\n<script type=\"application\/ld+json\" class=\"yoast-schema-graph\">{\"@context\":\"https:\\\/\\\/schema.org\",\"@graph\":[{\"@type\":\"WebPage\",\"@id\":\"https:\\\/\\\/exactas.unsj.edu.ar\\\/raaa2023\\\/todo-publico\\\/\",\"url\":\"https:\\\/\\\/exactas.unsj.edu.ar\\\/raaa2023\\\/todo-publico\\\/\",\"name\":\"Todo P\u00fablico - 65a Reuni\u00f3n Anual de la Asociaci\u00f3n Argentina de Astronom\u00eda\",\"isPartOf\":{\"@id\":\"https:\\\/\\\/exactas.unsj.edu.ar\\\/raaa2023\\\/#website\"},\"datePublished\":\"2023-08-10T14:05:45+00:00\",\"dateModified\":\"2023-08-11T14:05:26+00:00\",\"breadcrumb\":{\"@id\":\"https:\\\/\\\/exactas.unsj.edu.ar\\\/raaa2023\\\/todo-publico\\\/#breadcrumb\"},\"inLanguage\":\"es-AR\",\"potentialAction\":[{\"@type\":\"ReadAction\",\"target\":[\"https:\\\/\\\/exactas.unsj.edu.ar\\\/raaa2023\\\/todo-publico\\\/\"]}]},{\"@type\":\"BreadcrumbList\",\"@id\":\"https:\\\/\\\/exactas.unsj.edu.ar\\\/raaa2023\\\/todo-publico\\\/#breadcrumb\",\"itemListElement\":[{\"@type\":\"ListItem\",\"position\":1,\"name\":\"Home\",\"item\":\"https:\\\/\\\/exactas.unsj.edu.ar\\\/raaa2023\\\/\"},{\"@type\":\"ListItem\",\"position\":2,\"name\":\"Todo P\u00fablico\"}]},{\"@type\":\"WebSite\",\"@id\":\"https:\\\/\\\/exactas.unsj.edu.ar\\\/raaa2023\\\/#website\",\"url\":\"https:\\\/\\\/exactas.unsj.edu.ar\\\/raaa2023\\\/\",\"name\":\"65a Reuni\u00f3n Anual de la Asociaci\u00f3n Argentina de Astronom\u00eda\",\"description\":\"San Juan 2023\",\"potentialAction\":[{\"@type\":\"SearchAction\",\"target\":{\"@type\":\"EntryPoint\",\"urlTemplate\":\"https:\\\/\\\/exactas.unsj.edu.ar\\\/raaa2023\\\/?s={search_term_string}\"},\"query-input\":{\"@type\":\"PropertyValueSpecification\",\"valueRequired\":true,\"valueName\":\"search_term_string\"}}],\"inLanguage\":\"es-AR\"}]}<\/script>\n<!-- \/ Yoast SEO plugin. -->","yoast_head_json":{"title":"Todo P\u00fablico - 65a Reuni\u00f3n Anual de la Asociaci\u00f3n Argentina de Astronom\u00eda","robots":{"index":"index","follow":"follow","max-snippet":"max-snippet:-1","max-image-preview":"max-image-preview:large","max-video-preview":"max-video-preview:-1"},"canonical":"https:\/\/exactas.unsj.edu.ar\/raaa2023\/todo-publico\/","og_locale":"es_ES","og_type":"article","og_title":"Todo P\u00fablico - 65a Reuni\u00f3n Anual de la Asociaci\u00f3n Argentina de Astronom\u00eda","og_description":"El presagio de los neutrinos Dr. Juan Facundo Albacete Colombo El Dr. Juan Facundo Albacete Colombo estudio es licenciado en Astronom\u00eda egresado de la Universidad Nacional de La Plata, hizo su Doctorado\u00a0 en la Facultad de Ciencias Astron\u00f3micas y Geof\u00edsicas de la Universidad Nacional de La Plata (FCAGLP). Posee un postgrado realizado en el Osservatorio [&hellip;]","og_url":"https:\/\/exactas.unsj.edu.ar\/raaa2023\/todo-publico\/","og_site_name":"65a Reuni\u00f3n Anual de la Asociaci\u00f3n Argentina de Astronom\u00eda","article_modified_time":"2023-08-11T14:05:26+00:00","twitter_card":"summary_large_image","twitter_misc":{"Tiempo de lectura":"4 minutos"},"schema":{"@context":"https:\/\/schema.org","@graph":[{"@type":"WebPage","@id":"https:\/\/exactas.unsj.edu.ar\/raaa2023\/todo-publico\/","url":"https:\/\/exactas.unsj.edu.ar\/raaa2023\/todo-publico\/","name":"Todo P\u00fablico - 65a Reuni\u00f3n Anual de la Asociaci\u00f3n Argentina de Astronom\u00eda","isPartOf":{"@id":"https:\/\/exactas.unsj.edu.ar\/raaa2023\/#website"},"datePublished":"2023-08-10T14:05:45+00:00","dateModified":"2023-08-11T14:05:26+00:00","breadcrumb":{"@id":"https:\/\/exactas.unsj.edu.ar\/raaa2023\/todo-publico\/#breadcrumb"},"inLanguage":"es-AR","potentialAction":[{"@type":"ReadAction","target":["https:\/\/exactas.unsj.edu.ar\/raaa2023\/todo-publico\/"]}]},{"@type":"BreadcrumbList","@id":"https:\/\/exactas.unsj.edu.ar\/raaa2023\/todo-publico\/#breadcrumb","itemListElement":[{"@type":"ListItem","position":1,"name":"Home","item":"https:\/\/exactas.unsj.edu.ar\/raaa2023\/"},{"@type":"ListItem","position":2,"name":"Todo P\u00fablico"}]},{"@type":"WebSite","@id":"https:\/\/exactas.unsj.edu.ar\/raaa2023\/#website","url":"https:\/\/exactas.unsj.edu.ar\/raaa2023\/","name":"65a Reuni\u00f3n Anual de la Asociaci\u00f3n Argentina de Astronom\u00eda","description":"San Juan 2023","potentialAction":[{"@type":"SearchAction","target":{"@type":"EntryPoint","urlTemplate":"https:\/\/exactas.unsj.edu.ar\/raaa2023\/?s={search_term_string}"},"query-input":{"@type":"PropertyValueSpecification","valueRequired":true,"valueName":"search_term_string"}}],"inLanguage":"es-AR"}]}},"jetpack_sharing_enabled":true,"_links":{"self":[{"href":"https:\/\/exactas.unsj.edu.ar\/raaa2023\/wp-json\/wp\/v2\/pages\/874","targetHints":{"allow":["GET"]}}],"collection":[{"href":"https:\/\/exactas.unsj.edu.ar\/raaa2023\/wp-json\/wp\/v2\/pages"}],"about":[{"href":"https:\/\/exactas.unsj.edu.ar\/raaa2023\/wp-json\/wp\/v2\/types\/page"}],"author":[{"embeddable":true,"href":"https:\/\/exactas.unsj.edu.ar\/raaa2023\/wp-json\/wp\/v2\/users\/2"}],"replies":[{"embeddable":true,"href":"https:\/\/exactas.unsj.edu.ar\/raaa2023\/wp-json\/wp\/v2\/comments?post=874"}],"version-history":[{"count":5,"href":"https:\/\/exactas.unsj.edu.ar\/raaa2023\/wp-json\/wp\/v2\/pages\/874\/revisions"}],"predecessor-version":[{"id":903,"href":"https:\/\/exactas.unsj.edu.ar\/raaa2023\/wp-json\/wp\/v2\/pages\/874\/revisions\/903"}],"wp:attachment":[{"href":"https:\/\/exactas.unsj.edu.ar\/raaa2023\/wp-json\/wp\/v2\/media?parent=874"}],"curies":[{"name":"wp","href":"https:\/\/api.w.org\/{rel}","templated":true}]}}