{"id":41,"date":"2023-02-16T20:42:08","date_gmt":"2023-02-16T23:42:08","guid":{"rendered":"https:\/\/exactas.unsj.edu.ar\/raaa2023\/?page_id=41"},"modified":"2023-09-18T21:39:00","modified_gmt":"2023-09-19T00:39:00","slug":"actividad-cientifica","status":"publish","type":"page","link":"https:\/\/exactas.unsj.edu.ar\/raaa2023\/actividad-cientifica\/","title":{"rendered":"Actividad Cient\u00edfica"},"content":{"rendered":"<p>[et_pb_section fb_built=&#8221;1&#8243; admin_label=&#8221;section&#8221; _builder_version=&#8221;4.21.0&#8243; top_divider_style=&#8221;arrow3&#8243; top_divider_color=&#8221;#06b8e0&#8243; global_colors_info=&#8221;{}&#8221;][et_pb_row admin_label=&#8221;row&#8221; _builder_version=&#8221;4.16&#8243; background_size=&#8221;initial&#8221; background_position=&#8221;top_left&#8221; background_repeat=&#8221;repeat&#8221; global_colors_info=&#8221;{}&#8221;][et_pb_column type=&#8221;4_4&#8243; _builder_version=&#8221;4.16&#8243; custom_padding=&#8221;|||&#8221; global_colors_info=&#8221;{}&#8221; custom_padding__hover=&#8221;|||&#8221;][et_pb_text admin_label=&#8221;Programa&#8221; _builder_version=&#8221;4.20.4&#8243; _module_preset=&#8221;default&#8221; global_colors_info=&#8221;{}&#8221;]<\/p>\n<h2 style=\"text-align: center;\">Programa<\/h2>\n<p>[\/et_pb_text][et_pb_text _builder_version=&#8221;4.22.0&#8243; _module_preset=&#8221;default&#8221; global_colors_info=&#8221;{}&#8221;]<\/p>\n<h3 style=\"text-align: center;\"><em><strong><a href=\"https:\/\/docs.google.com\/spreadsheets\/d\/1023ca2IUmjHJ5Tiyd49AhZwLoKabBpoulb_T8Y-NHCk\/edit?usp=sharing\" target=\"_blank\" rel=\"noopener\">Aqu\u00ed<\/a><\/strong> puede consultar el programa con m\u00e1s detalle.<\/em><\/h3>\n<p>[\/et_pb_text][et_pb_image src=&#8221;https:\/\/exactas.unsj.edu.ar\/raaa2023\/wp-content\/uploads\/2023\/09\/PROGRAMA-RAAA65_E.jpg&#8221; title_text=&#8221;PROGRAMA-RAAA65_E&#8221; _builder_version=&#8221;4.22.1&#8243; _module_preset=&#8221;default&#8221; global_colors_info=&#8221;{}&#8221;][\/et_pb_image][\/et_pb_column][\/et_pb_row][\/et_pb_section][et_pb_section fb_built=&#8221;1&#8243; _builder_version=&#8221;4.21.0&#8243; _module_preset=&#8221;default&#8221; top_divider_style=&#8221;arrow3&#8243; top_divider_color=&#8221;#f2a500&#8243; global_colors_info=&#8221;{}&#8221;][et_pb_row _builder_version=&#8221;4.20.2&#8243; _module_preset=&#8221;default&#8221; global_colors_info=&#8221;{}&#8221;][et_pb_column type=&#8221;4_4&#8243; _builder_version=&#8221;4.20.2&#8243; _module_preset=&#8221;default&#8221; global_colors_info=&#8221;{}&#8221;][et_pb_text admin_label=&#8221;Ponencias invitadas&#8221; _builder_version=&#8221;4.21.0&#8243; _module_preset=&#8221;default&#8221; global_colors_info=&#8221;{}&#8221;]<\/p>\n<h1 style=\"text-align: center;\"><em><strong>Charlas invitadas<\/strong><\/em><\/h1>\n<p>[\/et_pb_text][et_pb_text admin_label=&#8221;areas&#8221; _builder_version=&#8221;4.21.0&#8243; _module_preset=&#8221;default&#8221; global_colors_info=&#8221;{}&#8221;]<\/p>\n<h4>1.<span style=\"color: #003366;\">\u00a0<strong>[AE]<\/strong><\/span>\u00a0<a href=\"https:\/\/exactas.unsj.edu.ar\/raaa2023\/invitadas\/\" target=\"_blank\" rel=\"noopener\">Astrof\u00edsica Estelar<\/a><\/h4>\n<h4>2.\u00a0<span style=\"color: #003366;\"><strong>[AGE]<\/strong>\u00a0<\/span><a href=\"https:\/\/exactas.unsj.edu.ar\/raaa2023\/invitadas\/\" target=\"_blank\" rel=\"noopener\">Astrometr\u00eda y Geodesia Espacial<\/a><\/h4>\n<h4>3.\u00a0<span style=\"color: #003366;\"><strong>[AEC]<\/strong><\/span>\u00a0<a href=\"https:\/\/exactas.unsj.edu.ar\/raaa2023\/invitadas\/\" target=\"_blank\" rel=\"noopener\">Astronom\u00eda Extragal\u00e1ctica y Cosmolog\u00eda<\/a><\/h4>\n<h4>4.\u00a0<span style=\"color: #003366;\"><strong>[EG]<\/strong><\/span>\u00a0<a href=\"https:\/\/exactas.unsj.edu.ar\/raaa2023\/invitadas\/\" target=\"_blank\" rel=\"noopener\">Estructura Gal\u00e1ctica<\/a><\/h4>\n<h4>5.\u00a0<span style=\"color: #003366;\"><strong>[HEDA]<\/strong>\u00a0<\/span><a href=\"https:\/\/exactas.unsj.edu.ar\/raaa2023\/invitadas\/\" target=\"_blank\" rel=\"noopener\">Historia, Educaci\u00f3n y Divulgaci\u00f3n de la Astronom\u00eda<\/a><\/h4>\n<h4>6.\u00a0<span style=\"color: #003366;\"><strong>[ICSA]<\/strong><\/span>\u00a0<a href=\"https:\/\/exactas.unsj.edu.ar\/raaa2023\/invitadas\/\" target=\"_blank\" rel=\"noopener\">Instrumentaci\u00f3n y Caracterizaci\u00f3n de Sitios Astron\u00f3micos<\/a><\/h4>\n<h4>7.\u00a0<span style=\"color: #003366;\"><strong>[MI]<\/strong>\u00a0<\/span><a href=\"https:\/\/exactas.unsj.edu.ar\/raaa2023\/invitadas\/\" target=\"_blank\" rel=\"noopener\">Medio Interestelar<\/a><\/h4>\n<h4>8.\u00a0<span style=\"color: #003366;\"><strong>[OCPAE]<\/strong><\/span>\u00a0<a href=\"https:\/\/exactas.unsj.edu.ar\/raaa2023\/?page_id=509&amp;preview=true\" target=\"_blank\" rel=\"noopener\">Objetos Compactos y Procesos de Altas Energ\u00edas<\/a><\/h4>\n<h4>9.\u00a0<span style=\"color: #003366;\"><strong>[SE]<\/strong>\u00a0<\/span><a href=\"https:\/\/exactas.unsj.edu.ar\/raaa2023\/invitadas\/\" target=\"_blank\" rel=\"noopener\">Sistemas Estelares<\/a><\/h4>\n<h4>10.<span style=\"color: #003366;\">\u00a0<strong>[SSE]<\/strong>\u00a0<\/span><a href=\"https:\/\/exactas.unsj.edu.ar\/raaa2023\/invitadas\/\" target=\"_blank\" rel=\"noopener\">Sistemas Solar y Extrasolares<\/a><\/h4>\n<h4>11.\u00a0<span style=\"color: #003366;\"><strong>[SH]<\/strong><\/span>\u00a0<a href=\"https:\/\/exactas.unsj.edu.ar\/raaa2023\/invitadas\/\" target=\"_blank\" rel=\"noopener\">Sol y Heliosfera<\/a><\/h4>\n<p>[\/et_pb_text][\/et_pb_column][\/et_pb_row][\/et_pb_section][et_pb_section fb_built=&#8221;1&#8243; _builder_version=&#8221;4.21.0&#8243; _module_preset=&#8221;default&#8221; top_divider_style=&#8221;arrow3&#8243; top_divider_color=&#8221;#06b8e0&#8243; global_colors_info=&#8221;{}&#8221;][et_pb_row _builder_version=&#8221;4.20.2&#8243; _module_preset=&#8221;default&#8221; global_colors_info=&#8221;{}&#8221;][et_pb_column type=&#8221;4_4&#8243; _builder_version=&#8221;4.20.2&#8243; _module_preset=&#8221;default&#8221; global_colors_info=&#8221;{}&#8221;][et_pb_text admin_label=&#8221;orales&#8221; _builder_version=&#8221;4.20.4&#8243; _module_preset=&#8221;default&#8221; global_colors_info=&#8221;{}&#8221;]<\/p>\n<h2 style=\"text-align: center;\">Exposiciones Orales<\/h2>\n<p>[\/et_pb_text][et_pb_text admin_label=&#8221;lunes&#8221; _builder_version=&#8221;4.22.1&#8243; _module_preset=&#8221;default&#8221; global_colors_info=&#8221;{}&#8221;]<\/p>\n<h4><a href=\"https:\/\/drive.google.com\/file\/d\/1So9i0A1c3gWd-AzpPFtUDfpj-n3hhmA-\/view?usp=sharing\" target=\"_blank\" rel=\"noopener\">Lunes 18: <strong><span style=\"color: #000080;\">Resumenes<\/span><\/strong><\/a><\/h4>\n<p>[\/et_pb_text][et_pb_text admin_label=&#8221;martes&#8221; _builder_version=&#8221;4.22.1&#8243; _module_preset=&#8221;default&#8221; global_colors_info=&#8221;{}&#8221;]<\/p>\n<h4><a href=\"https:\/\/drive.google.com\/file\/d\/1wJCex2taYG12X6N4Gesa97Ys053qkAUE\/view?usp=sharing\" target=\"_blank\" rel=\"noopener\">Martes 19: <strong><span style=\"color: #000080;\">Resumenes<\/span><\/strong><\/a><\/h4>\n<p>[\/et_pb_text][et_pb_text admin_label=&#8221;miercoles&#8221; _builder_version=&#8221;4.22.1&#8243; _module_preset=&#8221;default&#8221; global_colors_info=&#8221;{}&#8221;]<\/p>\n<h4><a href=\"https:\/\/drive.google.com\/file\/d\/19m00mrNXbulHzNMuy-7OG7S3qx8LIfXQ\/view?usp=sharing\" target=\"_blank\" rel=\"noopener\">Mi\u00e9rcoles 20: <span style=\"color: #000080;\"><strong>Resumenes<\/strong><\/span><\/a><\/h4>\n<p>[\/et_pb_text][et_pb_text admin_label=&#8221;jueves&#8221; _builder_version=&#8221;4.22.1&#8243; _module_preset=&#8221;default&#8221; global_colors_info=&#8221;{}&#8221;]<\/p>\n<h4><a href=\"https:\/\/drive.google.com\/file\/d\/1T8nIr1e05sM93oF7WCu5tiriTVaIg1WP\/view?usp=sharing\" target=\"_blank\" rel=\"noopener\">Jueves 21: <span style=\"color: #000080;\"><strong>Resumenes<\/strong><\/span><\/a><\/h4>\n<p>[\/et_pb_text][et_pb_text admin_label=&#8221;viernes&#8221; _builder_version=&#8221;4.22.1&#8243; _module_preset=&#8221;default&#8221; global_colors_info=&#8221;{}&#8221;]<\/p>\n<h4><a href=\"https:\/\/drive.google.com\/file\/d\/16vQozgAI279cCjjArkaMGNrwope8GYXI\/view?usp=sharing\" target=\"_blank\" rel=\"noopener\">Viernes 22: <span style=\"color: #000080;\"><strong>Resumenes<\/strong><\/span><\/a><\/h4>\n<p>[\/et_pb_text][\/et_pb_column][\/et_pb_row][\/et_pb_section][et_pb_section fb_built=&#8221;1&#8243; _builder_version=&#8221;4.21.0&#8243; _module_preset=&#8221;default&#8221; top_divider_style=&#8221;arrow3&#8243; top_divider_color=&#8221;#f2a500&#8243; global_colors_info=&#8221;{}&#8221;][et_pb_row _builder_version=&#8221;4.20.2&#8243; _module_preset=&#8221;default&#8221; global_colors_info=&#8221;{}&#8221;][et_pb_column type=&#8221;4_4&#8243; _builder_version=&#8221;4.20.2&#8243; _module_preset=&#8221;default&#8221; global_colors_info=&#8221;{}&#8221;][et_pb_text admin_label=&#8221;Poster&#8221; _builder_version=&#8221;4.20.4&#8243; _module_preset=&#8221;default&#8221; global_colors_info=&#8221;{}&#8221;]<\/p>\n<h2 style=\"text-align: center;\">Posters<\/h2>\n<p>[\/et_pb_text][et_pb_text admin_label=&#8221;instrucciones&#8221; _builder_version=&#8221;4.22.1&#8243; _module_preset=&#8221;default&#8221; global_colors_info=&#8221;{}&#8221;]<\/p>\n<h4 dir=\"ltr\" style=\"text-align: center;\"><em><a href=\"https:\/\/exactas.unsj.edu.ar\/raaa2023\/instrucciones_posters\/\" target=\"_blank\" rel=\"noopener\"><span style=\"color: #000080;\"><strong>Instrucciones<\/strong><\/span> para los Posters<\/a><\/em><\/h4>\n<h4 dir=\"ltr\">\u00a0<\/h4>\n<p>[\/et_pb_text][et_pb_text admin_label=&#8221;AE&#8221; _builder_version=&#8221;4.22.1&#8243; _module_preset=&#8221;default&#8221; global_colors_info=&#8221;{}&#8221;]<\/p>\n<h4><a href=\"https:\/\/drive.google.com\/file\/d\/1R1Q06jZ67Pb_Zk2UYPzyD9hef0wHUaPz\/view?usp=sharing\" target=\"_blank\" rel=\"noopener\">1. Astrof\u00edsica Estelar <strong><span style=\"color: #003366;\">(AE)<\/span><\/strong><\/a><\/h4>\n<p>[\/et_pb_text][et_pb_text admin_label=&#8221;AGE&#8221; _builder_version=&#8221;4.22.1&#8243; _module_preset=&#8221;default&#8221; global_colors_info=&#8221;{}&#8221;]<\/p>\n<h4><a href=\"https:\/\/drive.google.com\/file\/d\/12DHmuQMX2ODILcOAPM4YkvTa3UzCpdHf\/view?usp=sharing\" target=\"_blank\" rel=\"noopener\">2. Astrometr\u00eda y Geodesia Espacial <strong><span style=\"color: #000080;\">(AGE)<\/span><\/strong><\/a><\/h4>\n<p>[\/et_pb_text][et_pb_text admin_label=&#8221;AEC&#8221; _builder_version=&#8221;4.22.1&#8243; _module_preset=&#8221;default&#8221; global_colors_info=&#8221;{}&#8221;]<\/p>\n<h4><a href=\"https:\/\/drive.google.com\/file\/d\/1uDUme6EGNbsmSFYFysHjDaM-ZstovtIU\/view?usp=sharing\" target=\"_blank\" rel=\"noopener\">3. Astronom\u00eda Extragal\u00e1ctica y Cosmolog\u00eda <span style=\"color: #000080;\"><strong>(AEC)<\/strong><\/span><\/a><\/h4>\n<p>[\/et_pb_text][et_pb_text admin_label=&#8221;EG&#8221; _builder_version=&#8221;4.22.1&#8243; _module_preset=&#8221;default&#8221; global_colors_info=&#8221;{}&#8221;]<\/p>\n<h4><a href=\"https:\/\/drive.google.com\/file\/d\/1LYJrb1rdqbN5T4h_qMTbgef_h5HkKdFk\/view?usp=sharing\" target=\"_blank\" rel=\"noopener\">4. Estructura Gal\u00e1ctica <strong><span style=\"color: #003366;\">(EG)<\/span><\/strong><\/a><\/h4>\n<p>[\/et_pb_text][et_pb_text admin_label=&#8221;HEDA&#8221; _builder_version=&#8221;4.22.1&#8243; _module_preset=&#8221;default&#8221; global_colors_info=&#8221;{}&#8221;]<\/p>\n<h4><a href=\"https:\/\/drive.google.com\/file\/d\/1DRMq8aG_idCXMLdNnken3bkkiUUKEYrd\/view?usp=sharing\" target=\"_blank\" rel=\"noopener\">5. Historia, Educaci\u00f3n y Divulgaci\u00f3n de la Astronom\u00eda <strong><span style=\"color: #003366;\">(HEDA)<\/span><\/strong><\/a><\/h4>\n<p>[\/et_pb_text][et_pb_text admin_label=&#8221;ICSA&#8221; _builder_version=&#8221;4.22.1&#8243; _module_preset=&#8221;default&#8221; global_colors_info=&#8221;{}&#8221;]<\/p>\n<h4><a href=\"https:\/\/drive.google.com\/file\/d\/1pTMKPdpouDaefkCkq5Kkiw7kFsjuTwcX\/view?usp=sharing\" target=\"_blank\" rel=\"noopener\">6. Instrumentaci\u00f3n y Caracterizaci\u00f3n de Sitios Astron\u00f3micos <span style=\"color: #000080;\"><strong>(ICSA)<\/strong><\/span><\/a><\/h4>\n<p>[\/et_pb_text][et_pb_text admin_label=&#8221;MI&#8221; _builder_version=&#8221;4.22.1&#8243; _module_preset=&#8221;default&#8221; global_colors_info=&#8221;{}&#8221;]<\/p>\n<h4>7. <a href=\"https:\/\/drive.google.com\/file\/d\/1_2HX5HohBABMqmOnP_tFCC47LlSbH7Ye\/view?usp=sharing\" target=\"_blank\" rel=\"noopener\">Medio Interestelar <strong><span style=\"color: #003366;\">(MI)<\/span><\/strong><\/a><\/h4>\n<p>[\/et_pb_text][et_pb_text admin_label=&#8221;ocpae&#8221; _builder_version=&#8221;4.22.1&#8243; _module_preset=&#8221;default&#8221; global_colors_info=&#8221;{}&#8221;]<\/p>\n<h4><a href=\"https:\/\/drive.google.com\/file\/d\/15JN5pUA30f30NBGGLcl7biDcQLtC4Nwy\/view?usp=sharing\" target=\"_blank\" rel=\"noopener\">8. Objetos Compactos y Procesos de Altas Energ\u00edas <span style=\"color: #000080;\"><strong>(OCPAE)<\/strong><\/span><\/a><\/h4>\n<p>[\/et_pb_text][et_pb_text admin_label=&#8221;SE&#8221; _builder_version=&#8221;4.22.1&#8243; _module_preset=&#8221;default&#8221; global_colors_info=&#8221;{}&#8221;]<\/p>\n<h4>9. <a href=\"https:\/\/drive.google.com\/file\/d\/1D4ibo7OVhhYtMXEHTD5EP2Q92oKA0C63\/view?usp=sharing\" target=\"_blank\" rel=\"noopener\">Sistemas Estelares <strong><span style=\"color: #003366;\">(SE)<\/span><\/strong><\/a><\/h4>\n<p>[\/et_pb_text][et_pb_text admin_label=&#8221;SSE&#8221; _builder_version=&#8221;4.22.1&#8243; _module_preset=&#8221;default&#8221; global_colors_info=&#8221;{}&#8221;]<\/p>\n<h4><a href=\"https:\/\/drive.google.com\/file\/d\/1mPupKEL9pG5d7faRXkxrttj6hpL-0BMP\/view?usp=sharing\" target=\"_blank\" rel=\"noopener\">10. Sistemas Solar y Extrasolares <strong><span style=\"color: #000080;\">(SSE)<\/span><\/strong><\/a><\/h4>\n<p>[\/et_pb_text][et_pb_text admin_label=&#8221;SH&#8221; _builder_version=&#8221;4.22.1&#8243; _module_preset=&#8221;default&#8221; global_colors_info=&#8221;{}&#8221;]<\/p>\n<h4><a href=\"https:\/\/drive.google.com\/file\/d\/1fW6AEX3SyczMYBVikD9trWqkHkADSITr\/view?usp=sharing\" target=\"_blank\" rel=\"noopener\">11. Sol y Heliosfera <strong><span style=\"color: #003366;\">(SH)<\/span><\/strong><\/a><\/h4>\n<p>[\/et_pb_text][et_pb_text admin_label=&#8221;otros&#8221; _builder_version=&#8221;4.22.1&#8243; _module_preset=&#8221;default&#8221; global_colors_info=&#8221;{}&#8221;]<\/p>\n<h4><a href=\"https:\/\/drive.google.com\/file\/d\/1WrncOqiVM5munC98zpnKE91K1q3dQ17j\/view?usp=sharing\" target=\"_blank\" rel=\"noopener\">12. Otros <strong><span style=\"color: #000080;\">(O)<\/span><\/strong><\/a><\/h4>\n<p>[\/et_pb_text][\/et_pb_column][\/et_pb_row][\/et_pb_section][et_pb_section fb_built=&#8221;1&#8243; _builder_version=&#8221;4.21.0&#8243; _module_preset=&#8221;default&#8221; top_divider_style=&#8221;arrow3&#8243; top_divider_color=&#8221;#06b8e0&#8243; global_colors_info=&#8221;{}&#8221;][et_pb_row _builder_version=&#8221;4.20.2&#8243; _module_preset=&#8221;default&#8221; global_colors_info=&#8221;{}&#8221;][et_pb_column type=&#8221;4_4&#8243; _builder_version=&#8221;4.20.2&#8243; _module_preset=&#8221;default&#8221; global_colors_info=&#8221;{}&#8221;][et_pb_text admin_label=&#8221;publico&#8221; _builder_version=&#8221;4.20.4&#8243; _module_preset=&#8221;default&#8221; global_colors_info=&#8221;{}&#8221;]<\/p>\n<h2 style=\"text-align: center;\">Charlas para todo publico<\/h2>\n<p>[\/et_pb_text][et_pb_text admin_label=&#8221;areas&#8221; _builder_version=&#8221;4.22.1&#8243; _module_preset=&#8221;default&#8221; hover_enabled=&#8221;0&#8243; locked=&#8221;off&#8221; global_colors_info=&#8221;{}&#8221; sticky_enabled=&#8221;0&#8243;]<\/p>\n<h4>1. <a href=\"https:\/\/exactas.unsj.edu.ar\/raaa2023\/todo-publico\" target=\"_blank\" rel=\"noopener\"><strong>El presagio de los neutrinos<\/strong><\/a>, expositor: Dr. Juan Facundo Albacete Colombo<\/h4>\n<h4><a href=\"https:\/\/exactas.unsj.edu.ar\/raaa2023\/todo-publico\" target=\"_blank\" rel=\"noopener\">2. <strong>\u00bfNacemos estrellados? Buscando respuestas en el cosmos, la ciencia y sus leyes<\/strong> expositor: Dr. Gabriel Ferrero<\/a><\/h4>\n<h4>\u00a0<\/h4>\n<p>[\/et_pb_text][et_pb_image src=&#8221;https:\/\/exactas.unsj.edu.ar\/raaa2023\/wp-content\/uploads\/2023\/09\/charla1.jpeg&#8221; title_text=&#8221;charla1&#8243; _builder_version=&#8221;4.22.1&#8243; _module_preset=&#8221;default&#8221; global_colors_info=&#8221;{}&#8221;][\/et_pb_image][\/et_pb_column][\/et_pb_row][\/et_pb_section]<\/p>\n","protected":false},"excerpt":{"rendered":"<p>ProgramaAqu\u00ed puede consultar el programa con m\u00e1s detalle.Charlas invitadas1.\u00a0[AE]\u00a0Astrof\u00edsica Estelar 2.\u00a0[AGE]\u00a0Astrometr\u00eda y Geodesia Espacial 3.\u00a0[AEC]\u00a0Astronom\u00eda Extragal\u00e1ctica y Cosmolog\u00eda 4.\u00a0[EG]\u00a0Estructura Gal\u00e1ctica 5.\u00a0[HEDA]\u00a0Historia, Educaci\u00f3n y Divulgaci\u00f3n de la Astronom\u00eda 6.\u00a0[ICSA]\u00a0Instrumentaci\u00f3n y Caracterizaci\u00f3n de Sitios Astron\u00f3micos 7.\u00a0[MI]\u00a0Medio Interestelar 8.\u00a0[OCPAE]\u00a0Objetos Compactos y Procesos de Altas Energ\u00edas 9.\u00a0[SE]\u00a0Sistemas Estelares 10.\u00a0[SSE]\u00a0Sistemas Solar y Extrasolares 11.\u00a0[SH]\u00a0Sol y HeliosferaExposiciones OralesLunes 18: ResumenesMartes 19: [&hellip;]<\/p>\n","protected":false},"author":1,"featured_media":0,"parent":0,"menu_order":0,"comment_status":"closed","ping_status":"closed","template":"","meta":{"nf_dc_page":"","_et_pb_use_builder":"on","_et_pb_old_content":"","_et_gb_content_width":"","_monsterinsights_skip_tracking":false,"_monsterinsights_sitenote_active":false,"_monsterinsights_sitenote_note":"","_monsterinsights_sitenote_category":0,"footnotes":""},"class_list":["post-41","page","type-page","status-publish","hentry"],"yoast_head":"<!-- This site is optimized with the Yoast SEO plugin v27.4 - https:\/\/yoast.com\/product\/yoast-seo-wordpress\/ -->\n<title>Actividad Cient\u00edfica - 65a Reuni\u00f3n Anual de la Asociaci\u00f3n Argentina de Astronom\u00eda<\/title>\n<meta name=\"robots\" content=\"index, follow, max-snippet:-1, max-image-preview:large, max-video-preview:-1\" \/>\n<link rel=\"canonical\" href=\"https:\/\/exactas.unsj.edu.ar\/raaa2023\/actividad-cientifica\/\" \/>\n<meta property=\"og:locale\" content=\"es_ES\" \/>\n<meta property=\"og:type\" content=\"article\" \/>\n<meta property=\"og:title\" content=\"Actividad Cient\u00edfica - 65a Reuni\u00f3n Anual de la Asociaci\u00f3n Argentina de Astronom\u00eda\" \/>\n<meta property=\"og:description\" content=\"ProgramaAqu\u00ed puede consultar el programa con m\u00e1s detalle.Charlas invitadas1.\u00a0[AE]\u00a0Astrof\u00edsica Estelar 2.\u00a0[AGE]\u00a0Astrometr\u00eda y Geodesia Espacial 3.\u00a0[AEC]\u00a0Astronom\u00eda Extragal\u00e1ctica y Cosmolog\u00eda 4.\u00a0[EG]\u00a0Estructura Gal\u00e1ctica 5.\u00a0[HEDA]\u00a0Historia, Educaci\u00f3n y Divulgaci\u00f3n de la Astronom\u00eda 6.\u00a0[ICSA]\u00a0Instrumentaci\u00f3n y Caracterizaci\u00f3n de Sitios Astron\u00f3micos 7.\u00a0[MI]\u00a0Medio Interestelar 8.\u00a0[OCPAE]\u00a0Objetos Compactos y Procesos de Altas Energ\u00edas 9.\u00a0[SE]\u00a0Sistemas Estelares 10.\u00a0[SSE]\u00a0Sistemas Solar y Extrasolares 11.\u00a0[SH]\u00a0Sol y HeliosferaExposiciones OralesLunes 18: ResumenesMartes 19: [&hellip;]\" \/>\n<meta property=\"og:url\" content=\"https:\/\/exactas.unsj.edu.ar\/raaa2023\/actividad-cientifica\/\" \/>\n<meta property=\"og:site_name\" content=\"65a Reuni\u00f3n Anual de la Asociaci\u00f3n Argentina de Astronom\u00eda\" \/>\n<meta property=\"article:modified_time\" content=\"2023-09-19T00:39:00+00:00\" \/>\n<meta name=\"twitter:card\" content=\"summary_large_image\" \/>\n<meta name=\"twitter:label1\" content=\"Tiempo de lectura\" \/>\n\t<meta name=\"twitter:data1\" content=\"2 minutos\" \/>\n<script type=\"application\/ld+json\" class=\"yoast-schema-graph\">{\"@context\":\"https:\\\/\\\/schema.org\",\"@graph\":[{\"@type\":\"WebPage\",\"@id\":\"https:\\\/\\\/exactas.unsj.edu.ar\\\/raaa2023\\\/actividad-cientifica\\\/\",\"url\":\"https:\\\/\\\/exactas.unsj.edu.ar\\\/raaa2023\\\/actividad-cientifica\\\/\",\"name\":\"Actividad Cient\u00edfica - 65a Reuni\u00f3n Anual de la Asociaci\u00f3n Argentina de Astronom\u00eda\",\"isPartOf\":{\"@id\":\"https:\\\/\\\/exactas.unsj.edu.ar\\\/raaa2023\\\/#website\"},\"datePublished\":\"2023-02-16T23:42:08+00:00\",\"dateModified\":\"2023-09-19T00:39:00+00:00\",\"breadcrumb\":{\"@id\":\"https:\\\/\\\/exactas.unsj.edu.ar\\\/raaa2023\\\/actividad-cientifica\\\/#breadcrumb\"},\"inLanguage\":\"es-AR\",\"potentialAction\":[{\"@type\":\"ReadAction\",\"target\":[\"https:\\\/\\\/exactas.unsj.edu.ar\\\/raaa2023\\\/actividad-cientifica\\\/\"]}]},{\"@type\":\"BreadcrumbList\",\"@id\":\"https:\\\/\\\/exactas.unsj.edu.ar\\\/raaa2023\\\/actividad-cientifica\\\/#breadcrumb\",\"itemListElement\":[{\"@type\":\"ListItem\",\"position\":1,\"name\":\"Home\",\"item\":\"https:\\\/\\\/exactas.unsj.edu.ar\\\/raaa2023\\\/\"},{\"@type\":\"ListItem\",\"position\":2,\"name\":\"Actividad Cient\u00edfica\"}]},{\"@type\":\"WebSite\",\"@id\":\"https:\\\/\\\/exactas.unsj.edu.ar\\\/raaa2023\\\/#website\",\"url\":\"https:\\\/\\\/exactas.unsj.edu.ar\\\/raaa2023\\\/\",\"name\":\"65a Reuni\u00f3n Anual de la Asociaci\u00f3n Argentina de Astronom\u00eda\",\"description\":\"San Juan 2023\",\"potentialAction\":[{\"@type\":\"SearchAction\",\"target\":{\"@type\":\"EntryPoint\",\"urlTemplate\":\"https:\\\/\\\/exactas.unsj.edu.ar\\\/raaa2023\\\/?s={search_term_string}\"},\"query-input\":{\"@type\":\"PropertyValueSpecification\",\"valueRequired\":true,\"valueName\":\"search_term_string\"}}],\"inLanguage\":\"es-AR\"}]}<\/script>\n<!-- \/ Yoast SEO plugin. -->","yoast_head_json":{"title":"Actividad Cient\u00edfica - 65a Reuni\u00f3n Anual de la Asociaci\u00f3n Argentina de Astronom\u00eda","robots":{"index":"index","follow":"follow","max-snippet":"max-snippet:-1","max-image-preview":"max-image-preview:large","max-video-preview":"max-video-preview:-1"},"canonical":"https:\/\/exactas.unsj.edu.ar\/raaa2023\/actividad-cientifica\/","og_locale":"es_ES","og_type":"article","og_title":"Actividad Cient\u00edfica - 65a Reuni\u00f3n Anual de la Asociaci\u00f3n Argentina de Astronom\u00eda","og_description":"ProgramaAqu\u00ed puede consultar el programa con m\u00e1s detalle.Charlas invitadas1.\u00a0[AE]\u00a0Astrof\u00edsica Estelar 2.\u00a0[AGE]\u00a0Astrometr\u00eda y Geodesia Espacial 3.\u00a0[AEC]\u00a0Astronom\u00eda Extragal\u00e1ctica y Cosmolog\u00eda 4.\u00a0[EG]\u00a0Estructura Gal\u00e1ctica 5.\u00a0[HEDA]\u00a0Historia, Educaci\u00f3n y Divulgaci\u00f3n de la Astronom\u00eda 6.\u00a0[ICSA]\u00a0Instrumentaci\u00f3n y Caracterizaci\u00f3n de Sitios Astron\u00f3micos 7.\u00a0[MI]\u00a0Medio Interestelar 8.\u00a0[OCPAE]\u00a0Objetos Compactos y Procesos de Altas Energ\u00edas 9.\u00a0[SE]\u00a0Sistemas Estelares 10.\u00a0[SSE]\u00a0Sistemas Solar y Extrasolares 11.\u00a0[SH]\u00a0Sol y HeliosferaExposiciones OralesLunes 18: ResumenesMartes 19: [&hellip;]","og_url":"https:\/\/exactas.unsj.edu.ar\/raaa2023\/actividad-cientifica\/","og_site_name":"65a Reuni\u00f3n Anual de la Asociaci\u00f3n Argentina de Astronom\u00eda","article_modified_time":"2023-09-19T00:39:00+00:00","twitter_card":"summary_large_image","twitter_misc":{"Tiempo de lectura":"2 minutos"},"schema":{"@context":"https:\/\/schema.org","@graph":[{"@type":"WebPage","@id":"https:\/\/exactas.unsj.edu.ar\/raaa2023\/actividad-cientifica\/","url":"https:\/\/exactas.unsj.edu.ar\/raaa2023\/actividad-cientifica\/","name":"Actividad Cient\u00edfica - 65a Reuni\u00f3n Anual de la Asociaci\u00f3n Argentina de Astronom\u00eda","isPartOf":{"@id":"https:\/\/exactas.unsj.edu.ar\/raaa2023\/#website"},"datePublished":"2023-02-16T23:42:08+00:00","dateModified":"2023-09-19T00:39:00+00:00","breadcrumb":{"@id":"https:\/\/exactas.unsj.edu.ar\/raaa2023\/actividad-cientifica\/#breadcrumb"},"inLanguage":"es-AR","potentialAction":[{"@type":"ReadAction","target":["https:\/\/exactas.unsj.edu.ar\/raaa2023\/actividad-cientifica\/"]}]},{"@type":"BreadcrumbList","@id":"https:\/\/exactas.unsj.edu.ar\/raaa2023\/actividad-cientifica\/#breadcrumb","itemListElement":[{"@type":"ListItem","position":1,"name":"Home","item":"https:\/\/exactas.unsj.edu.ar\/raaa2023\/"},{"@type":"ListItem","position":2,"name":"Actividad Cient\u00edfica"}]},{"@type":"WebSite","@id":"https:\/\/exactas.unsj.edu.ar\/raaa2023\/#website","url":"https:\/\/exactas.unsj.edu.ar\/raaa2023\/","name":"65a Reuni\u00f3n Anual de la Asociaci\u00f3n Argentina de Astronom\u00eda","description":"San Juan 2023","potentialAction":[{"@type":"SearchAction","target":{"@type":"EntryPoint","urlTemplate":"https:\/\/exactas.unsj.edu.ar\/raaa2023\/?s={search_term_string}"},"query-input":{"@type":"PropertyValueSpecification","valueRequired":true,"valueName":"search_term_string"}}],"inLanguage":"es-AR"}]}},"jetpack_sharing_enabled":true,"_links":{"self":[{"href":"https:\/\/exactas.unsj.edu.ar\/raaa2023\/wp-json\/wp\/v2\/pages\/41","targetHints":{"allow":["GET"]}}],"collection":[{"href":"https:\/\/exactas.unsj.edu.ar\/raaa2023\/wp-json\/wp\/v2\/pages"}],"about":[{"href":"https:\/\/exactas.unsj.edu.ar\/raaa2023\/wp-json\/wp\/v2\/types\/page"}],"author":[{"embeddable":true,"href":"https:\/\/exactas.unsj.edu.ar\/raaa2023\/wp-json\/wp\/v2\/users\/1"}],"replies":[{"embeddable":true,"href":"https:\/\/exactas.unsj.edu.ar\/raaa2023\/wp-json\/wp\/v2\/comments?post=41"}],"version-history":[{"count":4,"href":"https:\/\/exactas.unsj.edu.ar\/raaa2023\/wp-json\/wp\/v2\/pages\/41\/revisions"}],"predecessor-version":[{"id":1051,"href":"https:\/\/exactas.unsj.edu.ar\/raaa2023\/wp-json\/wp\/v2\/pages\/41\/revisions\/1051"}],"wp:attachment":[{"href":"https:\/\/exactas.unsj.edu.ar\/raaa2023\/wp-json\/wp\/v2\/media?parent=41"}],"curies":[{"name":"wp","href":"https:\/\/api.w.org\/{rel}","templated":true}]}}