{"id":1042,"date":"2023-09-18T21:36:00","date_gmt":"2023-09-19T00:36:00","guid":{"rendered":"https:\/\/exactas.unsj.edu.ar\/raaa2023\/?page_id=1042"},"modified":"2023-09-19T09:21:38","modified_gmt":"2023-09-19T12:21:38","slug":"act_todo_publico","status":"publish","type":"page","link":"https:\/\/exactas.unsj.edu.ar\/raaa2023\/act_todo_publico\/","title":{"rendered":"act_todo_publico"},"content":{"rendered":"<p>[et_pb_section fb_built=&#8221;1&#8243; admin_label=&#8221;section&#8221; _builder_version=&#8221;4.16&#8243; global_colors_info=&#8221;{}&#8221;][et_pb_row admin_label=&#8221;row&#8221; _builder_version=&#8221;4.16&#8243; background_size=&#8221;initial&#8221; background_position=&#8221;top_left&#8221; background_repeat=&#8221;repeat&#8221; global_colors_info=&#8221;{}&#8221;][et_pb_column type=&#8221;4_4&#8243; _builder_version=&#8221;4.16&#8243; custom_padding=&#8221;|||&#8221; global_colors_info=&#8221;{}&#8221; custom_padding__hover=&#8221;|||&#8221;][et_pb_text _builder_version=&#8221;4.22.1&#8243; _module_preset=&#8221;default&#8221; global_colors_info=&#8221;{}&#8221;]<\/p>\n<h1 style=\"text-align: center;\"><strong><span style=\"color: #0000ff;\">Actividades para todo p\u00fablico<\/span><\/strong><\/h1>\n<h4><a href=\"https:\/\/exactas.unsj.edu.ar\/raaa2023\/todo-publico\/\" target=\"_blank\" rel=\"noopener\"><span style=\"color: #ff6600;\"><strong>Aqui<\/strong><\/span><\/a> puede encontrar mas informaci\u00f3n de cada charla.<\/h4>\n<p>[\/et_pb_text][et_pb_image src=&#8221;https:\/\/exactas.unsj.edu.ar\/raaa2023\/wp-content\/uploads\/2023\/09\/charla1.jpeg&#8221; title_text=&#8221;charla1&#8243; _builder_version=&#8221;4.22.1&#8243; _module_preset=&#8221;default&#8221; global_colors_info=&#8221;{}&#8221;][\/et_pb_image][et_pb_image src=&#8221;https:\/\/exactas.unsj.edu.ar\/raaa2023\/wp-content\/uploads\/2023\/09\/charla2.jpeg&#8221; title_text=&#8221;charla2&#8243; _builder_version=&#8221;4.22.1&#8243; _module_preset=&#8221;default&#8221; global_colors_info=&#8221;{}&#8221;][\/et_pb_image][\/et_pb_column][\/et_pb_row][\/et_pb_section]<\/p>\n","protected":false},"excerpt":{"rendered":"<p>Actividades para todo p\u00fablico Aqui puede encontrar mas informaci\u00f3n de cada charla.<\/p>\n","protected":false},"author":2,"featured_media":0,"parent":0,"menu_order":0,"comment_status":"closed","ping_status":"closed","template":"","meta":{"nf_dc_page":"","_et_pb_use_builder":"on","_et_pb_old_content":"","_et_gb_content_width":"","_monsterinsights_skip_tracking":false,"_monsterinsights_sitenote_active":false,"_monsterinsights_sitenote_note":"","_monsterinsights_sitenote_category":0,"footnotes":""},"class_list":["post-1042","page","type-page","status-publish","hentry"],"yoast_head":"<!-- This site is optimized with the Yoast SEO plugin v27.4 - https:\/\/yoast.com\/product\/yoast-seo-wordpress\/ -->\n<title>act_todo_publico - 65a Reuni\u00f3n Anual de la Asociaci\u00f3n Argentina de Astronom\u00eda<\/title>\n<meta name=\"robots\" content=\"index, follow, max-snippet:-1, max-image-preview:large, max-video-preview:-1\" \/>\n<link rel=\"canonical\" href=\"https:\/\/exactas.unsj.edu.ar\/raaa2023\/act_todo_publico\/\" \/>\n<meta property=\"og:locale\" content=\"es_ES\" \/>\n<meta property=\"og:type\" content=\"article\" \/>\n<meta property=\"og:title\" content=\"act_todo_publico - 65a Reuni\u00f3n Anual de la Asociaci\u00f3n Argentina de Astronom\u00eda\" \/>\n<meta property=\"og:description\" content=\"Actividades para todo p\u00fablico Aqui puede encontrar mas informaci\u00f3n de cada charla.\" \/>\n<meta property=\"og:url\" content=\"https:\/\/exactas.unsj.edu.ar\/raaa2023\/act_todo_publico\/\" \/>\n<meta property=\"og:site_name\" content=\"65a Reuni\u00f3n Anual de la Asociaci\u00f3n Argentina de Astronom\u00eda\" \/>\n<meta property=\"article:modified_time\" content=\"2023-09-19T12:21:38+00:00\" \/>\n<meta name=\"twitter:card\" content=\"summary_large_image\" \/>\n<meta name=\"twitter:label1\" content=\"Tiempo de lectura\" \/>\n\t<meta name=\"twitter:data1\" content=\"1 minuto\" \/>\n<script type=\"application\/ld+json\" class=\"yoast-schema-graph\">{\"@context\":\"https:\\\/\\\/schema.org\",\"@graph\":[{\"@type\":\"WebPage\",\"@id\":\"https:\\\/\\\/exactas.unsj.edu.ar\\\/raaa2023\\\/act_todo_publico\\\/\",\"url\":\"https:\\\/\\\/exactas.unsj.edu.ar\\\/raaa2023\\\/act_todo_publico\\\/\",\"name\":\"act_todo_publico - 65a Reuni\u00f3n Anual de la Asociaci\u00f3n Argentina de Astronom\u00eda\",\"isPartOf\":{\"@id\":\"https:\\\/\\\/exactas.unsj.edu.ar\\\/raaa2023\\\/#website\"},\"datePublished\":\"2023-09-19T00:36:00+00:00\",\"dateModified\":\"2023-09-19T12:21:38+00:00\",\"breadcrumb\":{\"@id\":\"https:\\\/\\\/exactas.unsj.edu.ar\\\/raaa2023\\\/act_todo_publico\\\/#breadcrumb\"},\"inLanguage\":\"es-AR\",\"potentialAction\":[{\"@type\":\"ReadAction\",\"target\":[\"https:\\\/\\\/exactas.unsj.edu.ar\\\/raaa2023\\\/act_todo_publico\\\/\"]}]},{\"@type\":\"BreadcrumbList\",\"@id\":\"https:\\\/\\\/exactas.unsj.edu.ar\\\/raaa2023\\\/act_todo_publico\\\/#breadcrumb\",\"itemListElement\":[{\"@type\":\"ListItem\",\"position\":1,\"name\":\"Home\",\"item\":\"https:\\\/\\\/exactas.unsj.edu.ar\\\/raaa2023\\\/\"},{\"@type\":\"ListItem\",\"position\":2,\"name\":\"act_todo_publico\"}]},{\"@type\":\"WebSite\",\"@id\":\"https:\\\/\\\/exactas.unsj.edu.ar\\\/raaa2023\\\/#website\",\"url\":\"https:\\\/\\\/exactas.unsj.edu.ar\\\/raaa2023\\\/\",\"name\":\"65a Reuni\u00f3n Anual de la Asociaci\u00f3n Argentina de Astronom\u00eda\",\"description\":\"San Juan 2023\",\"potentialAction\":[{\"@type\":\"SearchAction\",\"target\":{\"@type\":\"EntryPoint\",\"urlTemplate\":\"https:\\\/\\\/exactas.unsj.edu.ar\\\/raaa2023\\\/?s={search_term_string}\"},\"query-input\":{\"@type\":\"PropertyValueSpecification\",\"valueRequired\":true,\"valueName\":\"search_term_string\"}}],\"inLanguage\":\"es-AR\"}]}<\/script>\n<!-- \/ Yoast SEO plugin. -->","yoast_head_json":{"title":"act_todo_publico - 65a Reuni\u00f3n Anual de la Asociaci\u00f3n Argentina de Astronom\u00eda","robots":{"index":"index","follow":"follow","max-snippet":"max-snippet:-1","max-image-preview":"max-image-preview:large","max-video-preview":"max-video-preview:-1"},"canonical":"https:\/\/exactas.unsj.edu.ar\/raaa2023\/act_todo_publico\/","og_locale":"es_ES","og_type":"article","og_title":"act_todo_publico - 65a Reuni\u00f3n Anual de la Asociaci\u00f3n Argentina de Astronom\u00eda","og_description":"Actividades para todo p\u00fablico Aqui puede encontrar mas informaci\u00f3n de cada charla.","og_url":"https:\/\/exactas.unsj.edu.ar\/raaa2023\/act_todo_publico\/","og_site_name":"65a Reuni\u00f3n Anual de la Asociaci\u00f3n Argentina de Astronom\u00eda","article_modified_time":"2023-09-19T12:21:38+00:00","twitter_card":"summary_large_image","twitter_misc":{"Tiempo de lectura":"1 minuto"},"schema":{"@context":"https:\/\/schema.org","@graph":[{"@type":"WebPage","@id":"https:\/\/exactas.unsj.edu.ar\/raaa2023\/act_todo_publico\/","url":"https:\/\/exactas.unsj.edu.ar\/raaa2023\/act_todo_publico\/","name":"act_todo_publico - 65a Reuni\u00f3n Anual de la Asociaci\u00f3n Argentina de Astronom\u00eda","isPartOf":{"@id":"https:\/\/exactas.unsj.edu.ar\/raaa2023\/#website"},"datePublished":"2023-09-19T00:36:00+00:00","dateModified":"2023-09-19T12:21:38+00:00","breadcrumb":{"@id":"https:\/\/exactas.unsj.edu.ar\/raaa2023\/act_todo_publico\/#breadcrumb"},"inLanguage":"es-AR","potentialAction":[{"@type":"ReadAction","target":["https:\/\/exactas.unsj.edu.ar\/raaa2023\/act_todo_publico\/"]}]},{"@type":"BreadcrumbList","@id":"https:\/\/exactas.unsj.edu.ar\/raaa2023\/act_todo_publico\/#breadcrumb","itemListElement":[{"@type":"ListItem","position":1,"name":"Home","item":"https:\/\/exactas.unsj.edu.ar\/raaa2023\/"},{"@type":"ListItem","position":2,"name":"act_todo_publico"}]},{"@type":"WebSite","@id":"https:\/\/exactas.unsj.edu.ar\/raaa2023\/#website","url":"https:\/\/exactas.unsj.edu.ar\/raaa2023\/","name":"65a Reuni\u00f3n Anual de la Asociaci\u00f3n Argentina de Astronom\u00eda","description":"San Juan 2023","potentialAction":[{"@type":"SearchAction","target":{"@type":"EntryPoint","urlTemplate":"https:\/\/exactas.unsj.edu.ar\/raaa2023\/?s={search_term_string}"},"query-input":{"@type":"PropertyValueSpecification","valueRequired":true,"valueName":"search_term_string"}}],"inLanguage":"es-AR"}]}},"jetpack_sharing_enabled":true,"_links":{"self":[{"href":"https:\/\/exactas.unsj.edu.ar\/raaa2023\/wp-json\/wp\/v2\/pages\/1042","targetHints":{"allow":["GET"]}}],"collection":[{"href":"https:\/\/exactas.unsj.edu.ar\/raaa2023\/wp-json\/wp\/v2\/pages"}],"about":[{"href":"https:\/\/exactas.unsj.edu.ar\/raaa2023\/wp-json\/wp\/v2\/types\/page"}],"author":[{"embeddable":true,"href":"https:\/\/exactas.unsj.edu.ar\/raaa2023\/wp-json\/wp\/v2\/users\/2"}],"replies":[{"embeddable":true,"href":"https:\/\/exactas.unsj.edu.ar\/raaa2023\/wp-json\/wp\/v2\/comments?post=1042"}],"version-history":[{"count":5,"href":"https:\/\/exactas.unsj.edu.ar\/raaa2023\/wp-json\/wp\/v2\/pages\/1042\/revisions"}],"predecessor-version":[{"id":1056,"href":"https:\/\/exactas.unsj.edu.ar\/raaa2023\/wp-json\/wp\/v2\/pages\/1042\/revisions\/1056"}],"wp:attachment":[{"href":"https:\/\/exactas.unsj.edu.ar\/raaa2023\/wp-json\/wp\/v2\/media?parent=1042"}],"curies":[{"name":"wp","href":"https:\/\/api.w.org\/{rel}","templated":true}]}}